{"id":131,"date":"2022-02-17T18:36:15","date_gmt":"2022-02-17T18:36:15","guid":{"rendered":"https:\/\/gemdev.net\/?page_id=131"},"modified":"2023-12-27T04:00:34","modified_gmt":"2023-12-27T04:00:34","slug":"lima","status":"publish","type":"page","link":"https:\/\/gemdev.net\/en_GB\/lima\/","title":{"rendered":"Lima"},"content":{"rendered":"<section class=\"about-gemdev-intro bg-blue-04\">\r\n\t<div class=\"container-fluid\">\r\n\t    <div class=\"row py-5 fullscreen border-yellow-bottom-01\" style=\"background: url([insert_rootpath]assets\/images\/lima_city_page_bg_v01.jpg) 50% 0\/cover no-repeat fixed;\" data-type=\"background\" data-speed=\"5\">\r\n\t    \t<div class=\"overlay_color_blue_01\"><\/div>\r\n\t        <div class=\"col-12 py-3 text-center align-middle\">\r\n\t            <div class=\"title font-2em\" data-aos=\"fade-up\" data-aos-delay=\"100\" data-aos-duration=\"500\"><span class=\"bar-white\">|<\/span><span class=\"color-yellow-02\"> Lima <\/span><span class=\"bar-white\">|<\/span><\/div>\r\n\t        <\/div>\r\n\t    <\/div>\r\n\r\n\t    <div class=\"row bg-light pb-5\">\r\n\t        <div class=\"col-md-8 mx-auto\">\r\n\t        \t<div class=\"row mt-n3\">\r\n\t\t            <div class=\"row text-center mt-n5\">\r\n\t\t                <div class=\"col-sm pb-2\">\r\n\t\t                    <div class=\"card h-100 shadow\">\r\n\t\t                        <div class=\"card-body d-flex flex-column align-items-center p-0\">\r\n\t\t                            <div class=\"w-100 bg-yellow-01 p-3\"><h5 class=\"card-title\">City Information<\/h5><\/div>\r\n\t\t                            <div class=\"card-text text-justify p-3\">\r\n\t\t                            \tLima, the capital of Peru is the second largest city on a desert, with an unusual desert-humid climate. Since 1980, the population of metropolitan Lima has doubled, from 4.8 million to more than 9 million in 2017. In the absence of housing policies for the urban poor, the city continues to grow in two main ways. First, it expands outwards beyond its metropolitan boundaries through auto-construction, a form of reversed urbanism where people occupy land and construct neighbourhoods on the steep peripheral slopes and later acquire basic services such as water and electricity. It is estimated that 30% of the population, or 2.8 million people, live on slopes considered high risk zones. Second, the city grows through the densification of peripheries at the centre. That is, areas within the inner city become overcrowded and present precarious living conditions.\r\n\t\t                            \t<br \/><br \/>\r\n\t\t                            \tThese concentrate dysfunctional infrastructure, deteriorating buildings and vulnerable tenants. In this context, inhabitants are exposed to everyday risks which include fires from unsafe power connections and the proximity to large illegally built warehouses that store flammable materials. The renovation of the area remains a top-down endeavour which will see the displacement of inhabitants who in turn settle in areas at the periphery of the city thus impacting their social networks and result in an added economic burden because of the distance to job opportunities and access to services. The vacuum in effective management, the lack of a robust diagnosis of the lived reality in the area, and the exclusion of inhabitants from participating in decision making processes to redevelop the area, limit the scope of urban renovation projects and programmes. In the peripheral areas on the other hand, although many settlements are recognised by the district municipalities and are entitled to services, they often have to cope without water and electricity for many years or adopt alternative coping mechanisms while they wait to be connected to the main utilities system.\r\n\t\t                            <\/div>\r\n\t\t                        <\/div>\r\n\t\t                    <\/div>\r\n\t\t                <\/div>\r\n\t\t            <\/div>\r\n\t\t            <div><h3 class=\"font-weight-bold mt-4 mb-n3 color-blue-02 border-yellow-left-01 pl-2\">City Partners<\/h3><\/div>\r\n\t\t            <div class=\"card-deck\">\r\n\t\t\t\t\t  \t<div class=\"card partner-container my-4 shadow bg-white border-yellow-left-01\">\r\n\t\t\t\t\t    \t<div class=\"card-body row\">\r\n\t\t\t\t\t\t\t\t<div class=\"col-md-12\">\r\n\t\t\t\t\t\t\t\t\t<img class=\"partner-logo\" src=\"https:\/\/gemdev.net\/wp-content\/uploads\/2022\/02\/logo_pucp_v01.jpg\"\/>\r\n\t\t\t\t\t\t\t\t<\/div>\r\n\t\t\t\t\t\t\t\t<div class=\"col-md-12\">\r\n\t\t\t\t\t\t\t\t\t<h6>Pontificia Universidad Cat\u00f3lica del Per\u00fa (PUCP)<\/h6>\r\n\t\t\t\t\t\t\t\t<\/div>\r\n\t\t\t\t\t\t\t\t\r\n\t\t\t\t\t\t\t<\/div>\r\n\t\t\t\t\t\t\t<div class=\"card-footer bg-transparent text-right\">\r\n\t\t\t\t\t\t\t\t<a class=\"btn btn-outline-secondary\" target=\"_blank\" href=\"https:\/\/www.pucp.edu.pe\/\" role=\"button\" rel=\"noopener\">VISIT SITE<\/a>\r\n\t\t\t\t\t\t\t<\/div>\r\n\t\t\t\t\t  \t<\/div>\r\n\t\t\t\t\t  \t<div class=\"card partner-container my-4 shadow bg-white border-yellow-left-01\">\r\n\t\t\t\t\t    \t<div class=\"card-body row\">\r\n\t\t\t\t\t\t\t\t<div class=\"col-md-12\">\r\n\t\t\t\t\t\t\t\t\t<img class=\"partner-logo\" src=\"https:\/\/gemdev.net\/wp-content\/uploads\/2022\/02\/logo_foro_v01.jpg\"\/>\r\n\t\t\t\t\t\t\t\t<\/div>\r\n\t\t\t\t\t\t\t\t<div class=\"col-md-12\">\r\n\t\t\t\t\t\t\t\t\t<h6>Foro Ciudades para la Vida<\/h6>\r\n\t\t\t\t\t\t\t\t<\/div>\r\n\t\t\t\t\t\t\t\t\r\n\t\t\t\t\t\t\t<\/div>\r\n\t\t\t\t\t\t\t<div class=\"card-footer bg-transparent text-right\">\r\n\t\t\t\t\t\t\t\t<a class=\"btn btn-outline-secondary\" target=\"_blank\" href=\"https:\/\/www.ciudad.org.pe\/\" role=\"button\" rel=\"noopener\">VISIT SITE<\/a>\r\n\t\t\t\t\t\t\t<\/div>\r\n\t\t\t\t\t  \t<\/div>\r\n\t\t\t\t\t<\/div>\r\n\t\t\t\t\t<div class=\"card-deck\">\r\n\t\t\t\t\t  \t<div class=\"card partner-container my-4 shadow bg-white border-yellow-left-01\">\r\n\t\t\t\t\t    \t<div class=\"card-body row\">\r\n\t\t\t\t\t\t\t\t<div class=\"col-md-12\">\r\n\t\t\t\t\t\t\t\t\t<img class=\"partner-logo\" src=\"https:\/\/gemdev.net\/wp-content\/uploads\/2022\/02\/logo_cidap_v01.jpg\"\/>\r\n\t\t\t\t\t\t\t\t<\/div>\r\n\t\t\t\t\t\t\t\t<div class=\"col-md-12\">\r\n\t\t\t\t\t\t\t\t\t<h6>Centro de Investigaci\u00f3n, Documentaci\u00f3n y Asesor\u00eda Poblacional (CIDAP)<\/h6>\r\n\t\t\t\t\t\t\t\t<\/div>\r\n\t\t\t\t\t\t\t\t\r\n\t\t\t\t\t\t\t<\/div>\r\n\t\t\t\t\t\t\t<div class=\"card-footer bg-transparent text-right\">\r\n\t\t\t\t\t\t\t\t<a class=\"btn btn-outline-secondary\" target=\"_blank\" href=\"https:\/\/cidap.org.pe\/\" role=\"button\" rel=\"noopener\">VISIT SITE<\/a>\r\n\t\t\t\t\t\t\t<\/div>\r\n\t\t\t\t\t  \t<\/div>\r\n\t\t\t\t\t  \t<div class=\"card partner-container my-4 shadow bg-white border-yellow-left-01\">\r\n\t\t\t\t\t    \t<div class=\"card-body row\">\r\n\t\t\t\t\t\t\t\t<div class=\"col-md-12\">\r\n\t\t\t\t\t\t\t\t\t<img class=\"partner-logo\" src=\"https:\/\/gemdev.net\/wp-content\/uploads\/2022\/02\/logo_cenca_03_v01.jpg\"\/>\r\n\t\t\t\t\t\t\t\t<\/div>\r\n\t\t\t\t\t\t\t\t<div class=\"col-md-12\">\r\n\t\t\t\t\t\t\t\t\t<h6>Urban Development Institute, CENCA<\/h6>\r\n\t\t\t\t\t\t\t\t<\/div>\r\n\t\t\t\t\t\t\t\t\r\n\t\t\t\t\t\t\t<\/div>\r\n\t\t\t\t\t\t\t<div class=\"card-footer bg-transparent text-right\">\r\n\t\t\t\t\t\t\t\t<a class=\"btn btn-outline-secondary\" target=\"_blank\" href=\"https:\/\/www.cenca.org.pe\/\" role=\"button\" rel=\"noopener\">VISIT SITE<\/a>\r\n\t\t\t\t\t\t\t<\/div>\r\n\t\t\t\t\t  \t<\/div>\r\n\t\t\t\t\t<\/div>\r\n\t\t\t\t\t<div class=\"card-deck col-md-12 ml-md-n4\">\r\n\t\t\t\t\t  \t<div class=\"card col-md-6 partner-container my-4 shadow bg-white border-yellow-left-01\">\r\n\t\t\t\t\t    \t<div class=\"card-body row\">\r\n\t\t\t\t\t\t\t\t<div class=\"col-md-12\">\r\n\t\t\t\t\t\t\t\t\t<img class=\"partner-logo\" src=\"https:\/\/gemdev.net\/wp-content\/uploads\/2022\/02\/logo_sea_v01.jpg\"\/>\r\n\t\t\t\t\t\t\t\t<\/div>\r\n\t\t\t\t\t\t\t\t<div class=\"col-md-12\">\r\n\t\t\t\t\t\t\t\t\t<h6>Servicios Educativos El Agustino (SEA)<\/h6>\r\n\t\t\t\t\t\t\t\t<\/div>\r\n\t\t\t\t\t\t\t<\/div>\r\n\t\t\t\t\t\t\t<div class=\"card-footer bg-transparent text-right\">\r\n\t\t\t\t\t\t\t\t<a class=\"btn btn-outline-secondary\" target=\"_blank\" href=\"https:\/\/www.seaperu.pe\/\" role=\"button\" rel=\"noopener\">VISIT SITE<\/a>\r\n\t\t\t\t\t\t\t<\/div>\r\n\t\t\t\t\t  \t<\/div>\r\n\t\t\t\t\t<\/div>\r\n\t            <\/div>\r\n\t        <\/div>\r\n\t    <\/div>\r\n\t<\/div>\r\n<\/section>","protected":false},"excerpt":{"rendered":"| Lima | City Information Lima, the capital of Peru is the second largest city on a desert, with an unusual desert-humid climate. Since 1980, the population of metropolitan Lima has doubled, from 4.8 million to more than 9 million in 2017. In the absence of housing policies for the urban poor, the city continues [&hellip;]","protected":false},"author":1,"featured_media":0,"parent":0,"menu_order":0,"comment_status":"closed","ping_status":"closed","template":"","meta":{"inline_featured_image":false},"_links":{"self":[{"href":"https:\/\/gemdev.net\/en_GB\/wp-json\/wp\/v2\/pages\/131"}],"collection":[{"href":"https:\/\/gemdev.net\/en_GB\/wp-json\/wp\/v2\/pages"}],"about":[{"href":"https:\/\/gemdev.net\/en_GB\/wp-json\/wp\/v2\/types\/page"}],"author":[{"embeddable":true,"href":"https:\/\/gemdev.net\/en_GB\/wp-json\/wp\/v2\/users\/1"}],"replies":[{"embeddable":true,"href":"https:\/\/gemdev.net\/en_GB\/wp-json\/wp\/v2\/comments?post=131"}],"version-history":[{"count":4,"href":"https:\/\/gemdev.net\/en_GB\/wp-json\/wp\/v2\/pages\/131\/revisions"}],"predecessor-version":[{"id":500,"href":"https:\/\/gemdev.net\/en_GB\/wp-json\/wp\/v2\/pages\/131\/revisions\/500"}],"wp:attachment":[{"href":"https:\/\/gemdev.net\/en_GB\/wp-json\/wp\/v2\/media?parent=131"}],"curies":[{"name":"wp","href":"https:\/\/api.w.org\/{rel}","templated":true}]}}