{"id":121,"date":"2022-02-17T18:34:10","date_gmt":"2022-02-17T18:34:10","guid":{"rendered":"https:\/\/gemdev.net\/?page_id=121"},"modified":"2022-02-26T21:26:49","modified_gmt":"2022-02-26T21:26:49","slug":"wp1-governance-and-planning","status":"publish","type":"page","link":"https:\/\/gemdev.net\/es_ES\/wp1-governance-and-planning\/","title":{"rendered":"WP1: Gobernanza y Planificaci\u00f3n"},"content":{"rendered":"<section class=\"work-packages halfscreen col-sm-12\" style=\"background: url([insert_rootpath]assets\/images\/bg_wp1_01.jpg) 50% 50% repeat fixed;\" data-type=\"background\" data-speed=\"5\">\r\n\t<div class=\"overlay_color_blue_01\"><\/div>\r\n\t<div class=\"col-12\">\r\n\t\t<div class=\"row justify-content-center\">\r\n\t\t\t<div class=\"col-md-9\">\r\n\t\t\t\t<div class=\"text-center pb-3\">\r\n\t\t\t\t\t<div class=\"col-12 py-3 text-center align-middle\">\r\n\t\t\t            <div class=\"title font-2em\" data-aos=\"fade-up\" data-aos-delay=\"100\" data-aos-duration=\"500\"><span class=\"bar-white\">|<\/span><span class=\"color-yellow-02\"> WP1: Gobernanza y Planificaci\u00f3n <\/span><span class=\"bar-white\">|<\/span><\/div>\r\n\t\t\t        <\/div>\r\n\t\t\t\t<\/div>\r\n\t\t\t<\/div>\r\n\t\t<\/div>\r\n\t<\/div>\r\n<\/section>\r\n<section class=\"col-12 mb-4\">\r\n    <!--Section: Content-->\r\n    <div class=\"px-md-5 mx-md-5 text-center text-lg-left dark-grey-text\">\r\n      \t<!--Grid row-->\r\n      \t<div class=\"row\">\r\n        \t<!--Grid column-->\r\n        \t<div class=\"col-md-6 mb-4 mb-md-0 pt-4\">\r\n          \t\t<h3 class=\"font-weight-bold\">Resumen<\/h3>\r\n          \t\t<div class=\"text-muted text-justify\">\r\n          \t\t\tEl Paquete de Investigaci\u00f3n (WP) 1 analizar\u00e1 los procesos de gobernanza y planificaci\u00f3n que han respaldado el acceso a la vivienda y el espacio en Lima y Ahmedabad a lo largo del tiempo. Un an\u00e1lisis longitudinal de tales procesos es clave para comprender la forma urbana actual, as\u00ed como los patrones de acceso a la energ\u00eda y las pr\u00e1cticas asociadas. Tambi\u00e9n permitir\u00e1 comprender la relaci\u00f3n entre los procesos de toma de decisiones y las tipolog\u00edas de la red aislada en las dos ciudades.\r\n          \t\t\t<br \/><br \/>\r\n          \t\t\tEl WP1 tiene como objetivo responder las siguientes preguntas de investigaci\u00f3n:\r\n          \t\t\t<ul>\r\n          \t\t\t\t<li>\u00bfC\u00f3mo es la gobernanza en el sector de la vivienda para personas de bajos ingresos en todos los niveles y escalas espaciales, y cu\u00e1les son las implicaciones para los asentamientos informales?<\/li>\r\n          \t\t\t\t<li>\u00bfC\u00f3mo es la gobernanza en el sector energ\u00e9tico en todos los niveles y escalas espaciales y cu\u00e1les son las consecuencias para el acceso y uso de la energ\u00eda en Lima y Ahmedabad? <\/li>\r\n          \t\t\t\t<li>\u00bfC\u00f3mo y d\u00f3nde se intersectanlos sectores devivienda y energ\u00eda para influir en las desigualdades en los diferentes asentamientos?<\/li>\r\n          \t\t\t\t<li>\u00bfQu\u00e9 puntos en com\u00fan y qu\u00e9 diferencias existen entre las dos ciudades y qu\u00e9 aprendizajes se pueden compartir?<\/li>\r\n          \t\t\t<\/ul>\r\n          \t\t<\/div>\r\n        \t<\/div>\r\n        \t<!--Grid column-->\r\n\r\n        \t<!--Grid column-->\r\n        \t<div class=\"col-md-6 mb-4 mb-md-0\">\r\n          \t\t<!--Image-->\r\n          \t\t<div class=\"view overlay z-depth-1-half\">\r\n            \t\t<img style=\"width:100%;\" src=\"https:\/\/gemdev.net\/wp-content\/uploads\/2022\/02\/wp_section_governance_and_planning_v01.jpg\" class=\"img-fluid\" alt=\"\"\/>\r\n          \t\t<\/div>\r\n        \t<\/div>\r\n        \t<!--Grid column-->\r\n      \t<\/div>\r\n      <!--Grid row-->\r\n    <\/div>\r\n    <!--Section: Content-->\r\n<\/section>\r\n<section class=\"col-12\">\r\n\t<div class=\"px-md-5 mx-md-5 mb-4 text-center text-lg-left dark-grey-text\">\r\n\t    <div class=\"row\">\r\n\t      \t<div class=\"col-md-2 mb-4 mb-md-0\">\r\n\t\t  \t\t<!--Image-->\r\n\t\t  \t\t<div class=\"text-center\">\r\n\t\t    \t\t<img class=\"svg-methodology-wp1\" src=\"https:\/\/gemdev.net\/wp-content\/uploads\/2022\/02\/methodology.svg\"\/>\r\n\t\t  \t\t<\/div>\r\n\t\t\t<\/div>\r\n\t    \t<div class=\"col-md-10 mb-4 mb-md-0 pt-4\">\r\n\t  \t\t\t<h3 class=\"font-weight-bold\">Metodolog\u00eda<\/h3>\r\n\t  \t\t\t<div class=\"text-muted text-justify\">\r\n\t  \t\t\t\tEl WP1 se basar\u00e1 en el an\u00e1lisis de documentos clave, incluidas las pol\u00edticas de vivienda y planificaci\u00f3n antiguas y actuales, mapas catastrales, literatura acad\u00e9mica y alternativa relevante y sitios web de organizaciones relevantes. Complementaremos este an\u00e1lisis con 8-10 entrevistas de expertos con planificadores (energ\u00e9ticos), acad\u00e9micos y el gobierno nacional y local. Esto proporcionar\u00e1 una comprensi\u00f3n de c\u00f3mo se ha desarrollado el sistema no conectado a la red a lo largo del tiempo en Lima y Ahmedabad, y el papel de la pol\u00edtica y la planificaci\u00f3n en la configuraci\u00f3n de las relaciones entre la ciudad conectada y no conectada.\r\n\t  \t\t\t<\/div>\r\n\t      \t<\/div>\r\n\t    <\/div>\r\n\t<\/div>\r\n<\/section>\r\n<section class=\"team-info bg-blue-02 pt-4 border-yellow-top-01 border-black-bottom-01\">\r\n\t<div class=\"col-12\">\r\n\t\t<div class=\"row justify-content-center\">\r\n\t\t\t<div class=\"col-md-11 pb-4\">\r\n\t\t\t\t<h3 class=\"font-weight-bold text-white mb-4\">EQUIPO WP1<\/h3>\r\n\t\t\t\t<div class=\"team-list col-12 pb-4\">\r\n\t\t\t\t    <div class=\"row justify-content-center\" id=\"\">\r\n\t\t\t\t    \t<div class=\"basic-info-container col-md-2 p-0\">\r\n\t\t\t\t            <div class=\"card card-body p-0 border-0 rounded-0 bottom-strip\">\r\n\t\t\t\t                <a href=\"#julia\" data-toggle=\"collapse\" aria-expanded=\"true\">\r\n\t\t\t\t                \t<div class=\"hover-overlay\"><\/div>\r\n\t\t\t\t                    <img src=\"https:\/\/gemdev.net\/wp-content\/uploads\/2022\/02\/team_julia.jpg\" alt=\"\" class=\"member-photo img-fluid rounded-lg shadow-sm rounded-0\"\/>\r\n\t\t\t\t                    <div class=\"member-basic-info\">\r\n\t\t\t\t                    \t<div class=\"team_member_name\">Julia Tomei<\/div>\r\n\t\t\t\t                    \t<div class=\"team_member_role\">(Co-Lead), UCL Institute for Sustainable Resources<\/div>\r\n\t\t\t\t                    <\/div>\r\n\t\t\t\t                <\/a>\r\n\t\t\t\t            <\/div>\r\n\t\t\t\t        <\/div>\r\n\t\t\t\t        <div class=\"col-12 px-0 pt-0 pb-2 order-md-last border-blue-top-01 collapse fade\" id=\"julia\">\r\n\t\t\t\t            <div class=\"card card-body shadow\">Julia es profesora de Energ\u00eda, Recursos y Desarrollo en el Instituto de Recursos Sostenibles de la UCL. Su investigaci\u00f3n avanza en la comprensi\u00f3n de las dimensiones humanas y pol\u00edticas sobre el uso de la energ\u00eda y los recursos en pa\u00edses de ingresos bajos y medios, especialmente en Am\u00e9rica Latina y \u00c1frica subsahariana. Su trabajo se relaciona con usuarios de investigaci\u00f3n de las pol\u00edticas, el mundo acad\u00e9mico y la industria, asimismo, examina los mecanismos pr\u00e1cticos y pol\u00edticos que pueden promover el desarrollo sostenible. Se basa en una variedad de teor\u00edas y m\u00e9todos de las ciencias sociales en su investigaci\u00f3n y considera que su experiencia y perspectiva son verdaderamente interdisciplinarias. Es miembro y cofundadora del Grupo de Desarrollo y Energ\u00eda de UCL, habiendo publicado m\u00e1s de 20 art\u00edculos en una variedad de revistas l\u00edderes revisadas por pares, incluidas NatureEnergy, TheLancet y Energy Policy.<\/div>\r\n\t\t\t\t        <\/div>\r\n\r\n\t\t\t\t        <div class=\"basic-info-container col-md-2 p-0\">\r\n\t\t\t\t            <div class=\"card card-body p-0 border-0 rounded-0 bottom-strip\">\r\n\t\t\t\t                <a href=\"#liliana\" data-toggle=\"collapse\" aria-expanded=\"true\">\r\n\t\t\t\t                \t<div class=\"hover-overlay\"><\/div>\r\n\t\t\t\t                    <img src=\"https:\/\/gemdev.net\/wp-content\/uploads\/2022\/02\/team_liliana.jpg\" alt=\"\" class=\"member-photo img-fluid rounded-lg shadow-sm rounded-0\"\/>\r\n\t\t\t\t                    <div class=\"member-basic-info\">\r\n\t\t\t\t                    \t<div class=\"team_member_name\">Liliana Miranda Sara<\/div>\r\n\t\t\t\t                    \t<div class=\"team_member_role\">(Co-Lead), Foro Ciudades para la Vida<\/div>\r\n\t\t\t\t                    <\/div>\r\n\t\t\t\t                <\/a>\r\n\t\t\t\t            <\/div>\r\n\t\t\t\t        <\/div>\r\n\t\t\t\t        <div class=\"col-12 px-0 pt-0 pb-2 order-md-last border-blue-top-01 collapse fade\" id=\"liliana\">\r\n\t\t\t\t            <div class=\"card card-body shadow\">Es arquitecta, urbanista y ambientalista con enfoque descentralista, autora principal del IPCCAR6, cap\u00edtulo 12. Con doctorado por la Universidad de \u00c1msterdam, disertaci\u00f3n sobre Construcci\u00f3n del conocimiento en Gobernanza Metropolitana del Agua en ciudades ante el cambio clim\u00e1tico. M\u00e1ster en gesti\u00f3n y construcci\u00f3n inmobiliaria (UPM, Madrid) con varios posgrados en el extranjero. Profesora y maestra invitada en varias universidades del Per\u00fa y del exterior. Fundadora y Directora Ejecutiva de la red interinstitucional del Foro Ciudades para la Vida y Coordinadora del Pacto Global de Alcaldes por el Clima y la Energ\u00eda en Per\u00fa. \r\n\t\t\t\t            <br \/><br \/>\r\n\t\t\t\t\t\t\tConsultora de organismos nacionales e internacionales. Ex asesoraprincipal de la Comisi\u00f3n de Medio Ambiente y Comunidades Ind\u00edgenas en el Congreso del Per\u00fa. Ha publicado 5 libros, 15 art\u00edculos revisados por pares (principalmente en ingl\u00e9s), 12 cap\u00edtulos de libros y escribe un art\u00edculo mensual en una revista gubernamental en Per\u00fa desde 2014. Es activista de la sociedad civil mediante el uso regular de medios de comunicaci\u00f3n, revistas y redes sociales. Participa en conferencias mundiales, como la Conferencia de las Partes (CMNUCC), la CNUDS &#8211; R\u00edo + 20 y el Foro Urbano Mundial y H\u00e1bitat. Becaria de Ashoka y Avina Leader con varios otros reconocimientos por su trayectoria e impacto en el desarrollo de pol\u00edticas..<\/div>\r\n\t\t\t\t        <\/div>\r\n\r\n\t\t\t\t        <div class=\"basic-info-container col-md-2 p-0\">\r\n\t\t\t\t            <div class=\"card card-body p-0 border-0 rounded-0 bottom-strip\">\r\n\t\t\t\t                <a href=\"#richard\" data-toggle=\"collapse\" aria-expanded=\"true\">\r\n\t\t\t\t                \t<div class=\"hover-overlay\"><\/div>\r\n\t\t\t\t                    <img src=\"https:\/\/gemdev.net\/wp-content\/uploads\/2022\/02\/team_richard.jpg\" alt=\"\" class=\"member-photo img-fluid rounded-lg shadow-sm rounded-0\"\/>\r\n\t\t\t\t                    <div class=\"member-basic-info\">\r\n\t\t\t\t\t                    <div class=\"team_member_name\">Richard Valdivia<\/div>\r\n\t\t\t\t\t                    <div class=\"team_member_role\">Foro Ciudades para la Vida<\/div>\r\n\t\t\t\t                    <\/div>\r\n\t\t\t\t                <\/a>\r\n\t\t\t\t            <\/div>\r\n\t\t\t\t        <\/div>\r\n\t\t\t\t        <div class=\"col-12 px-0 pt-0 pb-2 order-md-last border-blue-top-01 collapse fade\" id=\"richard\">\r\n\t\t\t\t            <div class=\"card card-body shadow\">Richard es arquitecto independiente con Maestr\u00eda de Estudios Avanzados en Arquitectura y Desarrollo Sostenible por la EPFL (Suiza) en el LESO-PB, la UCLouvain-La-Neuve (B\u00e9lgica) y la Ecoled\u2019Architecture de Toulouse (Francia). Su experiencia profesional independiente incluye la elaboraci\u00f3n de proyectos, investigaciones, patentes y consultor\u00edas sobre sostenibilidad, en proyectos de arquitectura y urbanismo. Es fundador de SUNARCHE.I.R.L. empresa dedicada a proyectos de desarrollo sostenible y energ\u00eda solar. Con 7 a\u00f1os de experiencia como consultor para el Foro Ciudades para la Vida (FCPV) y 15 a\u00f1os de experiencia docente en diversas facultades de arquitectura en la ciudad de Lima, dictando cursos como taller de dise\u00f1o, medio ambiente, acondicionamiento ambiental, desarrollo urbano sostenible entre otros. Coautor del libro \u201cPer\u00fa hacia la construcci\u00f3n sostenible en escenarios de cambio clim\u00e1tico\u201d (2015).<\/div>\r\n\t\t\t\t        <\/div>\r\n\r\n\t\t\t\t        <div class=\"basic-info-container col-md-2 p-0\">\r\n\t\t\t\t            <div class=\"card card-body p-0 border-0 rounded-0 bottom-strip\">\r\n\t\t\t\t                <a href=\"#asha\" data-toggle=\"collapse\" aria-expanded=\"true\">\r\n\t\t\t\t                \t<div class=\"hover-overlay\"><\/div>\r\n\t\t\t\t                    <img src=\"https:\/\/gemdev.net\/wp-content\/uploads\/2022\/02\/team_asha.jpg\" alt=\"\" class=\"member-photo img-fluid rounded-lg shadow-sm rounded-0\"\/>\r\n\t\t\t\t                    <div class=\"member-basic-info\">\r\n\t\t\t\t                    \t<div class=\"team_member_name\">Asha Joshi<\/div>\r\n\t\t\t\t                    \t<div class=\"team_member_role\">CRDF-CEPT<\/div>\r\n\t\t\t\t                    <\/div>\r\n\t\t\t\t                <\/a>\r\n\t\t\t\t            <\/div>\r\n\t\t\t\t        <\/div>\r\n\t\t\t\t        <div class=\"col-12 px-0 pt-0 pb-2 order-md-last border-blue-top-01 collapse fade\" id=\"asha\">\r\n\t\t\t\t            <div class=\"card card-body shadow\">Asha Joshi trabaja como directora administrativa, en el Centro de Estudios Avanzados en Ciencia y Energ\u00eda de la Construcci\u00f3n (CARBSE), Fundaci\u00f3n de Investigaci\u00f3n y Desarrollo CEPT, Ahmedabad. Posee 19 a\u00f1os de experiencia, de los cuales lleva cinco a\u00f1os en la industria y m\u00e1s de diecisiete a\u00f1os en investigaci\u00f3n, la academia y el sector no gubernamental. Tiene un Doctorado en Derecho y ha realizado un posgrado en Derecho Ambiental y Orden Jur\u00eddico Internacional de la Universidad de Gujarat,as\u00ed como un posgrado en Comercio y Administraci\u00f3n de Empresas de la Universidad de Saurashtra. Tiene doble t\u00edtulo en los campos de derecho comercial y administraci\u00f3n de empresas de la Universidad de Saurashtra. Garantiza que los requisitos reglamentarios\/legales de la organizaci\u00f3n para el sistema de gesti\u00f3n de calidad se ajusten alas necesidades del cliente para el testeo de serviciosasegurando la evaluaci\u00f3n y los informes de los sistemas de calidad del proveedor. Tiene ocho libros editados y m\u00e1s de veinticinco art\u00edculos de conferencias, cap\u00edtulos de libros y art\u00edculos de investigaci\u00f3n. Sus \u00e1reas de inter\u00e9s incluyen aspectos ambientales, socio-econ\u00f3micos, ambientales-legales y socio-legales. <\/div>\r\n\t\t\t\t        <\/div>\r\n\t\t\t\t        <div class=\"basic-info-container col-md-2 p-0\">\r\n\t\t\t\t            <div class=\"card card-body p-0 border-0 rounded-0 bottom-strip\">\r\n\t\t\t\t                <a href=\"#palak\" data-toggle=\"collapse\" aria-expanded=\"true\">\r\n\t\t\t\t                \t<div class=\"hover-overlay\"><\/div>\r\n\t\t\t\t                    <img src=\"https:\/\/gemdev.net\/wp-content\/uploads\/2022\/02\/team_palak.jpg\" alt=\"\" class=\"member-photo img-fluid rounded-lg shadow-sm rounded-0\"\/>\r\n\t\t\t\t                    <div class=\"member-basic-info\">\r\n\t\t\t\t                    \t<div class=\"team_member_name\">Palak Patel<\/div>\r\n\t\t\t\t                    \t<div class=\"team_member_role\">CRDF-CEPT<\/div>\r\n\t\t\t\t                    <\/div>\r\n\t\t\t\t                <\/a>\r\n\t\t\t\t            <\/div>\r\n\t\t\t\t        <\/div>\r\n\t\t\t\t        <div class=\"col-12 px-0 pt-0 pb-2 order-md-last border-blue-top-01 collapse fade\" id=\"palak\">\r\n\t\t\t\t            <div class=\"card card-body shadow\">Palak Patel is a Research Associate at Centre for Advanced Palak Patel es investigadora asociada en el Centro de Investigaci\u00f3n Avanzada en Ciencia y Energ\u00eda de la Construcci\u00f3n (CARBSE) de la Universidad CEPT. Complet\u00f3 su maestr\u00eda en planificaci\u00f3n urbana con especializaci\u00f3n en infraestructura urbana. Es licenciada en arquitectura y tiene una experiencia de a\u00f1o y medio en el campo de la arquitectura. Como parte de su tesis de posgrado, trabaj\u00f3 en el Proyecto de Investigaci\u00f3n Dirigido de \u201cEvaluaci\u00f3n del consumo de energ\u00eda a nivel de edificio para los servicios de agua\u201d como parte del proyecto iNumber. El proyecto se sit\u00faa en la ciudad de Ahmedabad y se centr\u00f3 en medir el consumo el\u00e9ctrico para el suministro de agua de tipolog\u00edas residenciales, evalu\u00e1ndolo con varios par\u00e1metros urbanos. Su \u00e1rea de inter\u00e9s incluye la investigaci\u00f3n sobre soluciones sostenibles y adecuadas al clima.<\/div>\r\n\t\t\t\t        <\/div>\r\n\t\t\t\t    <\/div>\r\n\t\t\t\t<\/div>\r\n\t\t\t<\/div>\r\n\t\t<\/div>\r\n\t<\/div>\r\n<\/section>","protected":false},"excerpt":{"rendered":"| WP1: Gobernanza y Planificaci\u00f3n | Resumen El Paquete de Investigaci\u00f3n (WP) 1 analizar\u00e1 los procesos de gobernanza y planificaci\u00f3n que han respaldado el acceso a la vivienda y el espacio en Lima y Ahmedabad a lo largo del tiempo. Un an\u00e1lisis longitudinal de tales procesos es clave para comprender la forma urbana actual, as\u00ed [&hellip;]","protected":false},"author":1,"featured_media":0,"parent":0,"menu_order":0,"comment_status":"closed","ping_status":"closed","template":"","meta":{"inline_featured_image":false},"_links":{"self":[{"href":"https:\/\/gemdev.net\/es_ES\/wp-json\/wp\/v2\/pages\/121"}],"collection":[{"href":"https:\/\/gemdev.net\/es_ES\/wp-json\/wp\/v2\/pages"}],"about":[{"href":"https:\/\/gemdev.net\/es_ES\/wp-json\/wp\/v2\/types\/page"}],"author":[{"embeddable":true,"href":"https:\/\/gemdev.net\/es_ES\/wp-json\/wp\/v2\/users\/1"}],"replies":[{"embeddable":true,"href":"https:\/\/gemdev.net\/es_ES\/wp-json\/wp\/v2\/comments?post=121"}],"version-history":[{"count":4,"href":"https:\/\/gemdev.net\/es_ES\/wp-json\/wp\/v2\/pages\/121\/revisions"}],"predecessor-version":[{"id":482,"href":"https:\/\/gemdev.net\/es_ES\/wp-json\/wp\/v2\/pages\/121\/revisions\/482"}],"wp:attachment":[{"href":"https:\/\/gemdev.net\/es_ES\/wp-json\/wp\/v2\/media?parent=121"}],"curies":[{"name":"wp","href":"https:\/\/api.w.org\/{rel}","templated":true}]}}