{"id":125,"date":"2022-02-17T18:34:55","date_gmt":"2022-02-17T18:34:55","guid":{"rendered":"https:\/\/gemdev.net\/?page_id=125"},"modified":"2022-02-26T21:42:25","modified_gmt":"2022-02-26T21:42:25","slug":"wp3-models-and-tools","status":"publish","type":"page","link":"https:\/\/gemdev.net\/es_ES\/wp3-models-and-tools\/","title":{"rendered":"WP3: Modelos y Herramientas"},"content":{"rendered":"<section class=\"work-packages halfscreen col-sm-12\" style=\"background: url([insert_rootpath]assets\/images\/bg_wp1_01.jpg) 50% 50% repeat fixed;\" data-type=\"background\" data-speed=\"5\">\r\n\t<div class=\"overlay_color_blue_01\"><\/div>\r\n\t<div class=\"col-12\">\r\n\t\t<div class=\"row justify-content-center\">\r\n\t\t\t<div class=\"col-md-9\">\r\n\t\t\t\t<div class=\"text-center pb-3\">\r\n\t\t\t\t\t<div class=\"col-12 py-3 text-center align-middle\">\r\n\t\t\t            <div class=\"title font-2em\" data-aos=\"fade-up\" data-aos-delay=\"100\" data-aos-duration=\"500\"><span class=\"bar-white\">|<\/span><span class=\"color-yellow-02\"> WP3: Modelos y Herramientas <\/span><span class=\"bar-white\">|<\/span><\/div>\r\n\t\t\t        <\/div>\r\n\t\t\t\t<\/div>\r\n\t\t\t<\/div>\r\n\t\t<\/div>\r\n\t<\/div>\r\n<\/section>\r\n<section class=\"col-12 mb-4\">\r\n    <!--Section: Content-->\r\n    <div class=\"px-md-5 mx-md-5 text-center text-lg-left dark-grey-text\">\r\n      \t<!--Grid row-->\r\n      \t<div class=\"row\">\r\n        \t<!--Grid column-->\r\n        \t<div class=\"col-md-6 mb-4 mb-md-0 pt-4\">\r\n          \t\t<h3 class=\"font-weight-bold\">Resumen<\/h3>\r\n          \t\t<div class=\"text-muted text-justify\">\r\n          \t\t\tEn el WP3 pretendemos abordar la invisibilidad de los asentamientos informales en los modelos energ\u00e9ticos existentes (Janda et al., 2019). En particular, los modelos existentes generalmente se basan en una dicotom\u00eda estricta entre edificios &#8220;residenciales&#8221; o &#8220;no residenciales&#8221; sin tener en cuenta la diversa gama de actividades econ\u00f3micas que existen en los asentamientos informales e ignorando la importancia de los espacios comunes fuera de los estrictos l\u00edmites de la vivienda para estas actividades. Cuando los estudios de simulaci\u00f3n energ\u00e9tica de edificios existentes han buscado explorar asentamientos informales (por ejemplo, Bardhan et al., 2018), se han centrado en morfolog\u00edas alternativas con una base limitada en los h\u00e1bitos sociales, econ\u00f3micos y de consumo de energ\u00eda cotidianos de sus habitantes.\r\n\t\t\t\t\t<br \/><br \/>\r\n\t\t\t\t\tEl WP3 utilizar\u00e1 los datos generados por el WP2 para responder a dos preguntas frecuentes:\r\n\r\n          \t\t\t<ul>\r\n          \t\t\t\t<li> \u00bfC\u00f3mo se puede representar el uso del espacio y las pr\u00e1cticas energ\u00e9ticas de los habitantes de barrios marginales en modelos energ\u00e9ticos? <\/li>\r\n          \t\t\t\t<li> \u00bfC\u00f3mo pueden los modelos permitirnos visualizar, comunicar y analizar conocimientos fundamentados y expertos para informar un desarrollo urbano equitativo?<\/li>       \t\t\t\t\r\n          \t\t\t<\/ul>\r\n          \t\t<\/div>\r\n        \t<\/div>\r\n        \t<!--Grid column-->\r\n\r\n        \t<!--Grid column-->\r\n        \t<div class=\"col-md-6 mb-4 mb-md-0\">\r\n          \t\t<!--Image-->\r\n          \t\t<div class=\"view overlay z-depth-1-half\">\r\n            \t\t<img style=\"width:100%;\" src=\"https:\/\/gemdev.net\/wp-content\/uploads\/2022\/02\/wp_section_models_and_tools_v01.jpg\" class=\"img-fluid\" alt=\"\"\/>\r\n          \t\t<\/div>\r\n        \t<\/div>\r\n        \t<!--Grid column-->\r\n      \t<\/div>\r\n      <!--Grid row-->\r\n    <\/div>\r\n    <!--Section: Content-->\r\n<\/section>\r\n<section class=\"col-12\">\r\n\t<div class=\"px-md-5 mx-md-5 mb-4 text-center text-lg-left dark-grey-text\">\r\n\t    <div class=\"row\">\r\n\t      \t<div class=\"col-md-2 mb-4 mb-md-0\">\r\n\t\t  \t\t<!--Image-->\r\n\t\t  \t\t<div class=\"text-center\">\r\n\t\t    \t\t<img class=\"svg-methodology-wp1\" src=\"https:\/\/gemdev.net\/wp-content\/uploads\/2022\/02\/methodology.svg\"\/>\r\n\t\t  \t\t<\/div>\r\n\t\t\t<\/div>\r\n\t    \t<div class=\"col-md-10 mb-4 mb-md-0 pt-4\">\r\n\t  \t\t\t<h3 class=\"font-weight-bold\">Metodolog\u00eda<\/h3>\r\n\t  \t\t\t<div class=\"text-muted text-justify\">\r\n\t  \t\t\t\tProcesamiento de datos. Analizaremos y estructuraremos los datos recopilados a trav\u00e9s de WP1 y 2 en conjuntos de datos que pondremos a disposici\u00f3n de la comunidad internacional de modelos energ\u00e9ticos. Colaboraremos con el proyecto 1 de IBPSA  project 1 ( <a href=\"https:\/\/ibpsa.github.io\/project1\/\" target=\"_blank\" rel=\"noopener\">https:\/\/ibpsa.github.io\/project1\/<\/a>), que est\u00e1 desarrollando modelos de datos para simulaci\u00f3n urbana para garantizar que los conjuntos de datos est\u00e9n en los formatos m\u00e1s apropiados y promover su uso por parte de la comunidad en general. Esta fase de trabajo se basar\u00e1 en la experiencia combinada del FCPV en m\u00e9todos participativos y CRDF-CEPT en simulaci\u00f3n de energ\u00eda de edificios para desarrollar conjuntos de datos de alta calidad para facilitar la incorporaci\u00f3n de asentamientos informales en modelos energ\u00e9ticos de edificios.\r\n\t\t\t\t\t<br \/><br \/>\r\n\t\t\t\t\tSimulaci\u00f3n y validaci\u00f3n. Usaremos la plataforma de modelado SimStock de UCL para combinar estos conjuntos de datos con datos geom\u00e9tricos de encuestas de UAV para crear modelos de simulaci\u00f3n t\u00e9rmica que usaremos para comprender los principales impulsores del consumo de energ\u00eda y el (des) confort t\u00e9rmico e identificar posibles soluciones, incluida la mejora de la estructura del edificio y la adici\u00f3n de energ\u00eda solar fotovoltaica. Como parte de esta fase, UCL y CRDF-CEPT brindar\u00e1n capacitaci\u00f3n para desarrollar un centro regional de excelencia para la simulaci\u00f3n energ\u00e9tica de edificios en Lima, que ser\u00e1 auspiciado por la UNI y apoyado por la PUCP.\r\n\t\t\t\t\t<br \/><br \/>\r\n\t\t\t\t\tComunicaci\u00f3n e impacto. Presentaremos los modelos energ\u00e9ticos de cada asentamiento a los responsables de la formulaci\u00f3n de pol\u00edticas y otras partes interesadas para explorar c\u00f3mo se pueden aplicar de la manera m\u00e1s eficaz, teniendo en cuenta los impactos de su aplicaci\u00f3n. Despu\u00e9s de este taller, desarrollaremos interfaces de usuario para satisfacer las necesidades de los formuladores de pol\u00edticas y abordar las preocupaciones de otras partes interesadas. Durante esta fase tambi\u00e9n produciremos una publicaci\u00f3n especial en elBuildings and CitiesJournal sobre la representaci\u00f3n de comunidades marginadas en modelos y herramientas de toma de decisiones para la planificaci\u00f3n energ\u00e9tica urbana en el Sur global (ver carta de apoyo).\r\n\t  \t\t\t<\/div>\r\n\t      \t<\/div>\r\n\t    <\/div>\r\n\t<\/div>\r\n<\/section>\r\n<section class=\"team-info bg-blue-02 pt-4 border-yellow-top-01 border-black-bottom-01\">\r\n\t<div class=\"col-12\">\r\n\t\t<div class=\"row justify-content-center\">\r\n\t\t\t<div class=\"col-md-11 pb-4\">\r\n\t\t\t\t<h3 class=\"font-weight-bold text-white mb-4\">Equipo WP3<\/h3>\r\n\t\t\t\t<div class=\"team-list col-12 pb-4\">\r\n\t\t\t\t    <div class=\"row justify-content-center\" id=\"\">\r\n\t\t\t\t    \t<div class=\"basic-info-container col-md-2 p-0\">\r\n\t\t\t\t            <div class=\"card card-body p-0 border-0 rounded-0 bottom-strip\">\r\n\t\t\t\t                <a href=\"#pamela\" data-toggle=\"collapse\" aria-expanded=\"true\">\r\n\t\t\t\t                \t<div class=\"hover-overlay\"><\/div>\r\n\t\t\t\t                    <img src=\"https:\/\/gemdev.net\/wp-content\/uploads\/2022\/02\/team_pamela.jpg\" alt=\"\" class=\"member-photo img-fluid rounded-lg shadow-sm rounded-0\"\/>\r\n\t\t\t\t                    <div class=\"member-basic-info\">\r\n\t\t\t\t                    \t<div class=\"team_member_name\">Pamela Fennell<\/div>\r\n\t\t\t\t                    \t<div class=\"team_member_role\">(Co-Lead), UCL Energy Institute <\/div>\r\n\t\t\t\t                    <\/div>\r\n\t\t\t\t                <\/a>\r\n\t\t\t\t            <\/div>\r\n\t\t\t\t        <\/div>\r\n\t\t\t\t        <div class=\"col-12 px-0 pt-0 pb-2 order-md-last border-blue-top-01 collapse fade\" id=\"pamela\">\r\n\t\t\t\t            <div class=\"card card-body shadow\">\r\n\t\t\t\t            \tPamela es investigadora senior en el Instituto de Energ\u00eda de la UCL, donde su investigaci\u00f3n se centra en modelos energ\u00e9ticos de edificios a gran escala y su aplicaci\u00f3n a ciudades del sur global y la aplicaci\u00f3n del an\u00e1lisis de incertidumbre y sensibilidad en modelos a gran escala. Ella estableci\u00f3 y dirige el flujo de trabajo sobre an\u00e1lisis de incertidumbre y sensibilidad para el Anexo 70 de la IEA EBC, que viene trabajando en el desarrollo de m\u00e9todos para mejorar la evidencia emp\u00edrica sobre la demanda de energ\u00eda en el parque de edificios y es copresidenta del Grupo de Energ\u00eda y Desarrollo de UCL. Tiene 15 a\u00f1os de experiencia en el desarrollo de inversiones complejas de m\u00faltiples partes interesadas en proyectos de infraestructura p\u00fablica en el Reino Unido.\r\n\t\t\t\t            <\/div>\r\n\t\t\t\t        <\/div>\r\n\r\n\t\t\t\t        <div class=\"basic-info-container col-md-2 p-0\">\r\n\t\t\t\t            <div class=\"card card-body p-0 border-0 rounded-0 bottom-strip\">\r\n\t\t\t\t                <a href=\"#rajan\" data-toggle=\"collapse\" aria-expanded=\"true\">\r\n\t\t\t\t                \t<div class=\"hover-overlay\"><\/div>\r\n\t\t\t\t                    <img src=\"https:\/\/gemdev.net\/wp-content\/uploads\/2022\/02\/team_rajan.jpg\" alt=\"\" class=\"member-photo img-fluid rounded-lg shadow-sm rounded-0\"\/>\r\n\t\t\t\t                    <div class=\"member-basic-info\">\r\n\t\t\t\t                    \t<div class=\"team_member_name\">Rajan Rawal<\/div>\r\n\t\t\t\t                    \t<div class=\"team_member_role\">(Co-Lead), CRDF-CEPT <\/div>\r\n\t\t\t                    \t<\/div>\r\n\t\t\t\t                <\/a>\r\n\t\t\t\t            <\/div>\r\n\t\t\t\t        <\/div>\r\n\t\t\t\t        <div class=\"col-12 px-0 pt-0 pb-2 order-md-last border-blue-top-01 collapse fade\" id=\"rajan\">\r\n\t\t\t\t            <div class=\"card card-body shadow\">\r\n\t\t\t\t            \tRajan Rawal es profesor de CRDF en la Universidad CEPT. La Fundaci\u00f3n de Investigaci\u00f3n y Desarrollo CEPT (CRDF) apoya sus actividades docentes en la Universidad de CEPT. Ense\u00f1a cursos sobre h\u00e1bitat construido energ\u00e9ticamente eficiente, modelado energ\u00e9tico, y pol\u00edtica energ\u00e9tica a nivel de posgrado. Su trabajo se centra en el &#8220;rendimiento energ\u00e9tico del h\u00e1bitat humano&#8221; y la &#8220;educaci\u00f3n en ciencias de la arquitectura&#8221;. Actualmente, es Director Ejecutivo del \u201cCentro de Estudios Avanzados en Ciencia y Energ\u00eda de la Construcci\u00f3n\u201d (CARBSE) en CRDF. El profesor Rawal dirigi\u00f3 el Centro Conjunto Indo-Estadounidense de Investigaci\u00f3n y Desarrollo de Energ\u00eda Limpia &#8211; Sector de Eficiencia Energ\u00e9tica de Edificios, y actualmente lidera el proyecto India-Reino Unido sobre la reducci\u00f3n de la demanda de energ\u00eda y el desaf\u00edo de innovaci\u00f3n de la misi\u00f3n sobre calefacci\u00f3n y refrigeraci\u00f3n en edificios de la partehind\u00fa. Es miembro de la Task 69 de la Agencia Internacional de Energ\u00eda sobre edificios de bajo consumo energ\u00e9tico y experto s\u00e9nior en la Global Building Performance Network.\r\n\t\t\t\t            <\/div>\r\n\t\t\t\t        <\/div>\r\n\r\n\t\t\t\t        <div class=\"basic-info-container col-md-2 p-0\">\r\n\t\t\t\t            <div class=\"card card-body p-0 border-0 rounded-0 bottom-strip\">\r\n\t\t\t\t                <a href=\"#mart\u00edn\" data-toggle=\"collapse\" aria-expanded=\"true\">\r\n\t\t\t\t                \t<div class=\"hover-overlay\"><\/div>\r\n\t\t\t\t                    <img src=\"https:\/\/gemdev.net\/wp-content\/uploads\/2022\/02\/team_martin.jpg\" alt=\"\" class=\"member-photo img-fluid rounded-lg shadow-sm rounded-0\"\/>\r\n\t\t\t\t                    <div class=\"member-basic-info\">\r\n\t\t\t\t                    \t<div class=\"team_member_name\">Mart\u00edn Wieser<\/div>\r\n\t\t\t\t                    \t<div class=\"team_member_role\">PUCP<\/div>\r\n\t\t\t\t                    <\/div>\r\n\t\t\t\t                <\/a>\r\n\t\t\t\t            <\/div>\r\n\t\t\t\t        <\/div>\r\n\t\t\t\t        <div class=\"col-12 px-0 pt-0 pb-2 order-md-last border-blue-top-01 collapse fade\" id=\"mart\u00edn\">\r\n\t\t\t\t            <div class=\"card card-body shadow\">\r\n\t\t\t\t            \tMart\u00edn Wieser es arquitecto, con maestr\u00eda en \u201cDesarrollo Internacional\u201d por la Fundaci\u00f3n Polit\u00e9cnica de Catalu\u00f1a y Doctor en \u201cEnerg\u00edas y Medio Ambiente en Arquitectura\u201d por la Universidad Polit\u00e9cnica de Catalu\u00f1a. Profesor principal en la Facultad de Arquitectura y Urbanismo de la Pontificia Universidad Cat\u00f3lica del Per\u00fa (PUCP) en el \u00e1rea de Tecnolog\u00eda. Actualmente forma parte del consejo directivo del Centro de Investigaci\u00f3n de la Arquitectura y la Ciudad (CIAC-PUCP). Investigador y consultor en temas de iluminaci\u00f3n y climatizaci\u00f3n natural.\r\n\t\t\t\t            <\/div>\r\n\t\t\t\t        <\/div>\r\n\r\n\t\t\t\t        <div class=\"basic-info-container col-md-2 p-0\">\r\n\t\t\t\t            <div class=\"card card-body p-0 border-0 rounded-0 bottom-strip\">\r\n\t\t\t\t                <a href=\"#marion\" data-toggle=\"collapse\" aria-expanded=\"true\">\r\n\t\t\t\t                \t<div class=\"hover-overlay\"><\/div>\r\n\t\t\t\t                    <img src=\"https:\/\/gemdev.net\/wp-content\/uploads\/2022\/02\/team_marion.jpg\" alt=\"\" class=\"member-photo img-fluid rounded-lg shadow-sm rounded-0\"\/>\r\n\t\t\t\t                    <div class=\"member-basic-info\">\r\n\t\t\t\t\t                    <div class=\"team_member_name\">Marion Verdiere<\/div>\r\n\t\t\t\t\t                    <div class=\"team_member_role\">PUCP<\/div>\r\n\t\t\t\t                    <\/div>\r\n\t\t\t\t                <\/a>\r\n\t\t\t\t            <\/div>\r\n\t\t\t\t        <\/div>\r\n\t\t\t\t        <div class=\"col-12 px-0 pt-0 pb-2 order-md-last border-blue-top-01 collapse fade\" id=\"marion\">\r\n\t\t\t\t            <div class=\"card card-body shadow\">\r\n\t\t\t\t            \tMarion Verdiere es asistente de investigaci\u00f3n en la Pontificia Universidad Cat\u00f3lica del Per\u00fa (PUCP) para el proyecto GEMdev. Es una arquitecta francesa centrada en el desarrollo territorial para mejorar la vida cotidiana local. Ha estado involucrada durante 8 a\u00f1os en un proyecto de desarrollo con la asociaci\u00f3n Mano a Mano Per\u00fa en barrios marginados de la periferia norte de Lima (Puente Piedra, La Ensenada). All\u00ed ha reflexionado junto a los habitantes de la zona sobre el dise\u00f1o de espacios p\u00fablicos en su comunidad. Ha participado en la creaci\u00f3n del proyecto Homogeneos, una iniciativa peruana que trabaja en espacios p\u00fablicos para dise\u00f1ar la elaboraci\u00f3n de planes de desarrollo barrial, respondiendo a las necesidades locales. Recientemente, tambi\u00e9n ha realizado consultor\u00edas en proyectos privados reflexionando sobre la ciudad del futuro, utilizando elementos naturales.\r\n\t\t\t\t            <\/div>\r\n\t\t\t\t        <\/div>\r\n\r\n\t\t\t\t        <div class=\"basic-info-container col-md-2 p-0\">\r\n\t\t\t\t            <div class=\"card card-body p-0 border-0 rounded-0 bottom-strip\">\r\n\t\t\t\t                <a href=\"#paul\" data-toggle=\"collapse\" aria-expanded=\"true\">\r\n\t\t\t\t                \t<div class=\"hover-overlay\"><\/div>\r\n\t\t\t\t                    <img src=\"https:\/\/gemdev.net\/wp-content\/uploads\/2022\/02\/team_paul.jpg\" alt=\"\" class=\"member-photo img-fluid rounded-lg shadow-sm rounded-0\"\/>\r\n\t\t\t\t                    <div class=\"member-basic-info\">\r\n\t\t\t\t\t                    <div class=\"team_member_name\">Paul Ruyssevelt<\/div>\r\n\t\t\t\t\t                    <div class=\"team_member_role\">UCL Energy Institute<\/div>\r\n\t\t\t\t\t                <\/div>\r\n\t\t\t\t                <\/a>\r\n\t\t\t\t            <\/div>\r\n\t\t\t\t        <\/div>\r\n\t\t\t\t        <div class=\"col-12 px-0 pt-0 pb-2 order-md-last border-blue-top-01 collapse fade\" id=\"paul\">\r\n\t\t\t\t            <div class=\"card card-body shadow\">\r\n\t\t\t\t            \tPaul es arquitecto y especialista en energ\u00eda sostenible con 25 a\u00f1os de experiencia en la industria y 15 a\u00f1os en el mundo acad\u00e9mico. Paul es profesor de energ\u00eda y rendimiento de edificios en el UCL Energy Institute, donde tambi\u00e9n es subdirector y l\u00edder del Building Stock Lab. Tambi\u00e9n es vicepresidente del programa Energ\u00eda en Edificios y Comunidades de la Agencia Internacional de Energ\u00eda. Paul ha realizado investigaciones y ha proporcionado consultor\u00edas a organizaciones del sector p\u00fablico y privado en el Reino Unido y a nivel internacional. Sus principales \u00e1reas de inter\u00e9s son la &#8220;brecha de rendimiento&#8221; entre las expectativas y predicciones del rendimiento energ\u00e9tico y medioambiental de los edificios y la realidad que experimentan los propietarios y ocupantes de los edificios; y el desempe\u00f1o energ\u00e9tico y ambiental del parque de edificios existente a escala urbana y nacional. \r\n\t\t\t\t            <\/div>\r\n\t\t\t\t        <\/div>\r\n\r\n\t\t\t\t        <div class=\"basic-info-container col-md-2 p-0\">\r\n\t\t\t\t            <div class=\"card card-body p-0 border-0 rounded-0 bottom-strip\">\r\n\t\t\t\t                <a href=\"#ivan\" data-toggle=\"collapse\" aria-expanded=\"true\">\r\n\t\t\t\t                \t<div class=\"hover-overlay\"><\/div>\r\n\t\t\t\t                    <img src=\"https:\/\/gemdev.net\/wp-content\/uploads\/2022\/02\/team_ivan.jpg\" alt=\"\" class=\"member-photo img-fluid rounded-lg shadow-sm rounded-0\"\/>\r\n\t\t\t\t                    <div class=\"member-basic-info\">\r\n\t\t\t\t                    \t<div class=\"team_member_name\">Ivan Korolija<\/div>\r\n\t\t\t\t                    \t<div class=\"team_member_role\">UCL IEDE<\/div>\r\n\t\t\t\t                    <\/div>\r\n\t\t\t\t                <\/a>\r\n\t\t\t\t            <\/div>\r\n\t\t\t\t        <\/div>\r\n\t\t\t\t        <div class=\"col-12 px-0 pt-0 pb-2 order-md-last border-blue-top-01 collapse fade\" id=\"ivan\">\r\n\t\t\t\t            <div class=\"card card-body shadow\">\r\n\t\t\t\t            \tIv\u00e1n es investigador asociado en F\u00edsica, Modelado y Programaci\u00f3n de Edificios y es miembro del Centro RCUK de Epidemiolog\u00eda Energ\u00e9tica. Su trabajo actual involucra el modelado de simulaci\u00f3n din\u00e1mica del consumo energ\u00e9tico del parque de edificios no dom\u00e9sticos de Inglaterra y Gales. Tambi\u00e9n incluye un mayor desarrollo de la herramienta de modelado SimStock, que es una plataforma para un an\u00e1lisis de existencias de edificios no residenciales basado en muestreo automatizado, creaci\u00f3n de modelos, simulaci\u00f3n y procesamiento de resultados. Los intereses de investigaci\u00f3n de Iv\u00e1n est\u00e1n relacionados con la mejora de un entorno construido mediante el dise\u00f1o de edificios energ\u00e9ticamente eficientes y cubren una amplia gama de temas de construcci\u00f3n y servicios de construcci\u00f3n que incluyen: edificios de bajo consumo energ\u00e9tico, transferencia de calor de edificios; confort t\u00e9rmico; eficiencia energ\u00e9tica, control y operaci\u00f3n \u00f3ptimos de los sistemas HVAC; modelado de edificios y sistemas HVAC utilizando herramientas de simulaci\u00f3n din\u00e1mica, etc.\r\n\t\t\t\t            <\/div>\r\n\t\t\t\t        <\/div>\r\n\t\t\t\t    <\/div>\r\n\t\t\t\t    <div class=\"row justify-content-center\" id=\"\">\r\n\t\t\t\t    \t<div class=\"basic-info-container col-md-2 p-0\">\r\n\t\t\t\t            <div class=\"card card-body p-0 border-0 rounded-0 bottom-strip\">\r\n\t\t\t\t                <a href=\"#dominic\" data-toggle=\"collapse\" aria-expanded=\"true\">\r\n\t\t\t\t                \t<div class=\"hover-overlay\"><\/div>\r\n\t\t\t\t                    <img src=\"https:\/\/gemdev.net\/wp-content\/uploads\/2022\/02\/team_dominic.jpg\" alt=\"\" class=\"member-photo img-fluid rounded-lg shadow-sm rounded-0\"\/>\r\n\t\t\t\t                    <div class=\"member-basic-info\">\r\n\t\t\t\t                    \t<div class=\"team_member_name\">Dominic Humphrey <\/div>\r\n\t\t\t\t                    \t<div class=\"team_member_role\">UCL Energy Institute<\/div>\r\n\t\t\t\t                    <\/div>\r\n\t\t\t\t                <\/a>\r\n\t\t\t\t            <\/div>\r\n\t\t\t\t        <\/div>\r\n\t\t\t\t        <div class=\"col-12 px-0 pt-0 pb-2 order-md-last border-blue-top-01 collapse fade\" id=\"dominic\">\r\n\t\t\t\t            <div class=\"card card-body shadow\">\r\n\t\t\t\t            \tDominic es un investigador honorario que trabaja con la UCL Energy para desarrollar modelos sobre edificios existentes y las interfaces para hacer que esos modelos sean accesibles a la mayor cantidad de interesados. Cree en la importancia de hacer que los datos de investigaci\u00f3n sean abiertos y accesibles para empoderar a las comunidades en apoyo a la acci\u00f3n hacia el cambio clim\u00e1tico. Dominic ha trabajado en el modelo London Building Stock y el mapa de oportunidades solares de Londres, a los cuales se puede acceder gratuitamente en l\u00ednea. Dominic es un arquitecto capacitado que se especializ\u00f3 previamente en renovaci\u00f3npara bajas emisiones de carbono. Tiene una maestr\u00eda en an\u00e1lisis espacial avanzado y visualizaci\u00f3n de datos de University College London.\r\n\t\t\t\t            <\/div>\r\n\t\t\t\t        <\/div>\r\n\r\n\t\t\t\t        <div class=\"basic-info-container col-md-2 p-0\">\r\n\t\t\t\t            <div class=\"card card-body p-0 border-0 rounded-0 bottom-strip\">\r\n\t\t\t\t                <a href=\"#arjun\" data-toggle=\"collapse\" aria-expanded=\"true\">\r\n\t\t\t\t                \t<div class=\"hover-overlay\"><\/div>\r\n\t\t\t\t                    <img src=\"https:\/\/gemdev.net\/wp-content\/uploads\/2022\/02\/team_arjun.jpg\" alt=\"\" class=\"member-photo img-fluid rounded-lg shadow-sm rounded-0\"\/>\r\n\t\t\t\t                    <div class=\"member-basic-info\">\r\n\t\t\t\t                    \t<div class=\"team_member_name\">Arjun Desai<\/div>\r\n\t\t\t\t                    \t<div class=\"team_member_role\">CRDF-CEPT<\/div>\r\n\t\t\t                    \t<\/div>\r\n\t\t\t\t                <\/a>\r\n\t\t\t\t            <\/div>\r\n\t\t\t\t        <\/div>\r\n\t\t\t\t        <div class=\"col-12 px-0 pt-0 pb-2 order-md-last border-blue-top-01 collapse fade\" id=\"arjun\">\r\n\t\t\t\t            <div class=\"card card-body shadow\">\r\n\t\t\t\t            \tArjun es investigador asociado en el Centro de Investigaci\u00f3n Avanzada en Ciencias de la Construcci\u00f3n y Energ\u00eda (CARBSE) CEPT University. Es ingeniero civil de profesi\u00f3n y se especializa en rendimiento energ\u00e9tico de la construcci\u00f3n. Su principal \u00e1rea de enfoque es mejorar la eficiencia energ\u00e9tica en entornos construidos a trav\u00e9s de la investigaci\u00f3n y su aplicaci\u00f3n. Tiene experiencia y conocimientos en modelado energ\u00e9tico de edificios, f\u00edsica de edificios, an\u00e1lisis de datos, investigaci\u00f3n, desarrollo de herramientas, programaci\u00f3n de Python, aprendizaje autom\u00e1tico, procesamiento de im\u00e1genes mediante aprendizaje profundo, etc.\r\n\t\t\t\t            <\/div>\r\n\t\t\t\t        <\/div>\r\n\r\n\t\t\t\t        <div class=\"basic-info-container col-md-2 p-0\">\r\n\t\t\t\t            <div class=\"card card-body p-0 border-0 rounded-0 bottom-strip\">\r\n\t\t\t\t                <a href=\"#kartikay\" data-toggle=\"collapse\" aria-expanded=\"true\">\r\n\t\t\t\t                \t<div class=\"hover-overlay\"><\/div>\r\n\t\t\t\t                    <img src=\"https:\/\/gemdev.net\/wp-content\/uploads\/2022\/02\/team_kartikey.jpg\" alt=\"\" class=\"member-photo img-fluid rounded-lg shadow-sm rounded-0\"\/>\r\n\t\t\t\t                    <div class=\"member-basic-info\">\r\n\t\t\t\t                    \t<div class=\"team_member_name\">Kartikay Sharma<\/div>\r\n\t\t\t\t                    \t<div class=\"team_member_role\">CRDF-CEPT<\/div>\r\n\t\t\t\t                    <\/div>\r\n\t\t\t\t                <\/a>\r\n\t\t\t\t            <\/div>\r\n\t\t\t\t        <\/div>\r\n\t\t\t\t        <div class=\"col-12 px-0 pt-0 pb-2 order-md-last border-blue-top-01 collapse fade\" id=\"kartikay\">\r\n\t\t\t\t            <div class=\"card card-body shadow\">\r\n\t\t\t\t            \tKartikay Sharma es investigador de energ\u00eda urbana con cinco a\u00f1os de experiencia de alto nivel en simulaci\u00f3n de energ\u00eda urbana y de edificios, con un conocimiento detallado de la construcci\u00f3n y su interacci\u00f3n con el medio ambiente. Es ingeniero civil con Maestr\u00eda en Tecnolog\u00eda en Desempe\u00f1o Energ\u00e9tico de Edificios de la Universidad CEPT. Junto con la cartera de modelos de energ\u00eda urbana, tiene un amplio conocimiento de la recopilaci\u00f3n de datos urbanos mediante el uso de UAV y sensores, incluidos LiDAR y fotogrametr\u00eda a\u00e9rea. Actualmente colabora como investigador principal en la creaci\u00f3n de un modelo de ciudad en 3D para el an\u00e1lisis del uso de energ\u00eda para la ciudad de Ahmedabad de 300 km2.\r\n\t\t\t\t            <\/div>\r\n\t\t\t\t        <\/div>\r\n\t\t\t\t    <\/div>\r\n\t\t\t\t<\/div>\r\n\t\t\t<\/div>\r\n\t\t<\/div>\r\n\t<\/div>\r\n<\/section>","protected":false},"excerpt":{"rendered":"| WP3: Modelos y Herramientas | Resumen En el WP3 pretendemos abordar la invisibilidad de los asentamientos informales en los modelos energ\u00e9ticos existentes (Janda et al., 2019). En particular, los modelos existentes generalmente se basan en una dicotom\u00eda estricta entre edificios &#8220;residenciales&#8221; o &#8220;no residenciales&#8221; sin tener en cuenta la diversa gama de actividades econ\u00f3micas [&hellip;]","protected":false},"author":1,"featured_media":0,"parent":0,"menu_order":0,"comment_status":"closed","ping_status":"closed","template":"","meta":{"inline_featured_image":false},"_links":{"self":[{"href":"https:\/\/gemdev.net\/es_ES\/wp-json\/wp\/v2\/pages\/125"}],"collection":[{"href":"https:\/\/gemdev.net\/es_ES\/wp-json\/wp\/v2\/pages"}],"about":[{"href":"https:\/\/gemdev.net\/es_ES\/wp-json\/wp\/v2\/types\/page"}],"author":[{"embeddable":true,"href":"https:\/\/gemdev.net\/es_ES\/wp-json\/wp\/v2\/users\/1"}],"replies":[{"embeddable":true,"href":"https:\/\/gemdev.net\/es_ES\/wp-json\/wp\/v2\/comments?post=125"}],"version-history":[{"count":4,"href":"https:\/\/gemdev.net\/es_ES\/wp-json\/wp\/v2\/pages\/125\/revisions"}],"predecessor-version":[{"id":488,"href":"https:\/\/gemdev.net\/es_ES\/wp-json\/wp\/v2\/pages\/125\/revisions\/488"}],"wp:attachment":[{"href":"https:\/\/gemdev.net\/es_ES\/wp-json\/wp\/v2\/media?parent=125"}],"curies":[{"name":"wp","href":"https:\/\/api.w.org\/{rel}","templated":true}]}}