{"id":127,"date":"2022-02-17T18:35:19","date_gmt":"2022-02-17T18:35:19","guid":{"rendered":"https:\/\/gemdev.net\/?page_id=127"},"modified":"2022-02-26T21:46:45","modified_gmt":"2022-02-26T21:46:45","slug":"wp4-actionable-futures","status":"publish","type":"page","link":"https:\/\/gemdev.net\/es_ES\/wp4-actionable-futures\/","title":{"rendered":"WP4: Futuros Posibles"},"content":{"rendered":"<section class=\"work-packages halfscreen col-sm-12\" style=\"background: url([insert_rootpath]assets\/images\/bg_wp1_01.jpg) 50% 50% repeat fixed;\" data-type=\"background\" data-speed=\"5\">\r\n\t<div class=\"overlay_color_blue_01\"><\/div>\r\n\t<div class=\"col-12\">\r\n\t\t<div class=\"row justify-content-center\">\r\n\t\t\t<div class=\"col-md-9\">\r\n\t\t\t\t<div class=\"text-center pb-3\">\r\n\t\t\t\t\t<div class=\"col-12 py-3 text-center align-middle\">\r\n\t\t\t            <div class=\"title font-2em\" data-aos=\"fade-up\" data-aos-delay=\"100\" data-aos-duration=\"500\"><span class=\"bar-white\">|<\/span><span class=\"color-yellow-02\"> WP4: Futuros Posibles <\/span><span class=\"bar-white\">|<\/span><\/div>\r\n\t\t\t        <\/div>\r\n\t\t\t\t<\/div>\r\n\t\t\t<\/div>\r\n\t\t<\/div>\r\n\t<\/div>\r\n<\/section>\r\n<section class=\"col-12 mb-4\">\r\n    <!--Section: Content-->\r\n    <div class=\"px-md-5 mx-md-5 text-center text-lg-left dark-grey-text\">\r\n      \t<!--Grid row-->\r\n      \t<div class=\"row\">\r\n        \t<!--Grid column-->\r\n        \t<div class=\"col-md-6 mb-4 mb-md-0 pt-4\">\r\n          \t\t<h3 class=\"font-weight-bold\">Resumen<\/h3>\r\n          \t\t<div class=\"text-muted text-justify\">\r\n          \t\t\tEl WP4 comienza con los modelos de asentamientos existentes desarrollados en WP3 y las historias orales de los procesos de mejora y adaptaci\u00f3n recopiladas en WP1 y explora c\u00f3mo este nuevo conocimiento puede contribuir con estrategias viables para la futura reurbanizaci\u00f3n garantizando una vivienda y un h\u00e1bitat dignos para todos.\r\n          \t\t\t<br \/><br \/>\r\n\t\t\t\t\tEl WP4 abordar\u00e1 las siguientes preguntas de investigaci\u00f3n: \r\n          \t\t\t<ul>\r\n          \t\t\t\t<li>\u00bfC\u00f3mo se pueden optimizar los arquetipos de remodelaci\u00f3n y mejora de los barrios marginales para el confort t\u00e9rmico y el consumo de energ\u00eda?<\/li>\r\n          \t\t\t\t<li>\u00bfEn qu\u00e9 se diferencian estos arquetipos de las estrategias de desarrollo existentes? <\/li>       \t\t\t\t\r\n          \t\t\t<\/ul>\r\n          \t\t<\/div>\r\n        \t<\/div>\r\n        \t<!--Grid column-->\r\n\r\n        \t<!--Grid column-->\r\n        \t<div class=\"col-md-6 mb-4 mb-md-0\">\r\n          \t\t<!--Image-->\r\n          \t\t<div class=\"view overlay z-depth-1-half\">\r\n            \t\t<img style=\"width:100%;\" src=\"https:\/\/gemdev.net\/wp-content\/uploads\/2022\/02\/wp_section_actionable_futures_v01.jpg\" class=\"img-fluid\" alt=\"\"\/>\r\n          \t\t<\/div>\r\n        \t<\/div>\r\n        \t<!--Grid column-->\r\n      \t<\/div>\r\n      <!--Grid row-->\r\n    <\/div>\r\n    <!--Section: Content-->\r\n<\/section>\r\n<section class=\"col-12\">\r\n\t<div class=\"px-md-5 mx-md-5 mb-4 text-center text-lg-left dark-grey-text\">\r\n\t    <div class=\"row\">\r\n\t      \t<div class=\"col-md-2 mb-4 mb-md-0\">\r\n\t\t  \t\t<!--Image-->\r\n\t\t  \t\t<div class=\"text-center\">\r\n\t\t    \t\t<img class=\"svg-methodology-wp1\" src=\"https:\/\/gemdev.net\/wp-content\/uploads\/2022\/02\/methodology.svg\"\/>\r\n\t\t  \t\t<\/div>\r\n\t\t\t<\/div>\r\n\t    \t<div class=\"col-md-10 mb-4 mb-md-0 pt-4\">\r\n\t  \t\t\t<h3 class=\"font-weight-bold\">Metodolog\u00eda<\/h3>\r\n\t  \t\t\t<div class=\"text-muted text-justify\">\r\n\t  \t\t\t\tLas preguntas de investigaci\u00f3n ser\u00e1n abordadas para:\r\n\t  \t\t\t\t<ul>\r\n\t  \t\t\t\t\t<li>Desarrollar medidas alternativas de resultados exitosos. Bas\u00e1ndose en el conjunto de conocimientos creados a trav\u00e9s de los WP1 al WP3, el WP4 se centrar\u00e1 en la brecha que existe actualmente en c\u00f3mo medir el \u00e9xito de los programas de reurbanizaci\u00f3n y renovaci\u00f3n. En particular, el objetivo es abordar los cambios en los estilos de vida y las pr\u00e1cticas energ\u00e9ticas impulsadas por la reurbanizaci\u00f3n de los barrios marginales, en lugar de depender \u00fanicamente de m\u00e9tricas basadas en costos. Al establecer medidas basadas en evidencia, se pueden hacer recomendaciones de pol\u00edticas m\u00e1s s\u00f3lidas.<\/li>\r\n\t  \t\t\t\t\t<li>Desarrollar arquetipos de desarrollo alternativo basados en estas nuevas medidas de \u00e9xito. Los talleres en Lima y Ahmedabad explorar\u00e1n arquetipos de desarrollo alternativo para asentamientos informales en cada ciudad. Los talleres comprender\u00e1n tres etapas:  (1) generaci\u00f3n de arquetipos de desarrollo alternativo con una variedad de actores regionales; (2) exhibici\u00f3n p\u00fablica de estos arquetipos para involucrar a las partes interesadas municipales y recopilar comentarios; (3) refinamiento de los arquetipos propuestos basados en la retroalimentaci\u00f3n de las exposiciones y el desarrollo de prescripciones de pol\u00edticas.<\/li>\r\n\t  \t\t\t\t<\/ul>\r\n\t  \t\t\t<\/div>\r\n\t  \t\t\t<h3 class=\"font-weight-bold\">Productos esperados<\/h3>\r\n\t  \t\t\t<div class=\"text-muted text-justify\">\r\n\t  \t\t\t\t<ul>\r\n\t  \t\t\t\t\t<li>Arquetipos de reurbanizaci\u00f3n optimizados.<\/li>\r\n\t  \t\t\t\t\t<li>Exposiciones p\u00fablicas en Lima y Ahmedabad de opciones arquet\u00edpicas e historias de transici\u00f3n.<\/li>\r\n\t  \t\t\t\t\t<li>Documento sobre pol\u00edticas centrado en medidas de \u00e9xito y arquetipos alternativos<\/li>\r\n\t  \t\t\t\t\t<li>Publicaci\u00f3n centrada en la metodolog\u00eda titulada provisionalmente &#8220;Desarrollo de medidas alternativas para el \u00e9xito de los proyectos de mejora y reurbanizaci\u00f3n de barrios marginales&#8221;<\/li>\r\n\t  \t\t\t\t<\/ul>\r\n\t  \t\t\t<\/div>\r\n\t      \t<\/div>\r\n\t    <\/div>\r\n\t<\/div>\r\n<\/section>\r\n<section class=\"team-info bg-blue-02 pt-4 border-yellow-top-01 border-black-bottom-01\">\r\n\t<div class=\"col-12\">\r\n\t\t<div class=\"row justify-content-center\">\r\n\t\t\t<div class=\"col-md-11 pb-4\">\r\n\t\t\t\t<h3 class=\"font-weight-bold text-white mb-4\">Equipo WP4<\/h3>\r\n\t\t\t\t<div class=\"team-list col-12 pb-4\">\r\n\t\t\t\t    <div class=\"row justify-content-center\" id=\"\">\r\n\r\n\t\t\t\t    \t<div class=\"basic-info-container col-md-2 p-0\">\r\n\t\t\t\t            <div class=\"card card-body p-0 border-0 rounded-0 bottom-strip\">\r\n\t\t\t\t                <a href=\"#paul\" data-toggle=\"collapse\" aria-expanded=\"true\">\r\n\t\t\t\t                \t<div class=\"hover-overlay\"><\/div>\r\n\t\t\t\t                    <img src=\"https:\/\/gemdev.net\/wp-content\/uploads\/2022\/02\/team_paul.jpg\" alt=\"\" class=\"member-photo img-fluid rounded-lg shadow-sm rounded-0\"\/>\r\n\t\t\t\t                    <div class=\"member-basic-info\">\r\n\t\t\t\t\t                    <div class=\"team_member_name\">Paul Ruyssevelt<\/div>\r\n\t\t\t\t\t                    <div class=\"team_member_role\">(Co-Lead), UCL Energy Institute <\/div>\r\n\t\t\t\t\t                <\/div>\r\n\t\t\t\t                <\/a>\r\n\t\t\t\t            <\/div>\r\n\t\t\t\t        <\/div>\r\n\t\t\t\t        <div class=\"col-12 px-0 pt-0 pb-2 order-md-last border-blue-top-01 collapse fade\" id=\"paul\">\r\n\t\t\t\t            <div class=\"card card-body shadow\">\r\n\t\t\t\t            \tPaul es arquitecto y especialista en energ\u00eda sostenible con 25 a\u00f1os de experiencia en la industria y 15 a\u00f1os en el mundo acad\u00e9mico. Paul es profesor de energ\u00eda y rendimiento de edificios en el UCL Energy Institute, donde tambi\u00e9n es subdirector y l\u00edder del Building Stock Lab. Tambi\u00e9n es vicepresidente del programa Energ\u00eda en Edificios y Comunidades de la Agencia Internacional de Energ\u00eda. Paul ha realizado investigaciones y ha proporcionado consultor\u00edas a organizaciones del sector p\u00fablico y privado en el Reino Unido y a nivel internacional. Sus principales \u00e1reas de inter\u00e9s son la &#8220;brecha de rendimiento&#8221; entre las expectativas y predicciones del rendimiento energ\u00e9tico y medioambiental de los edificios y la realidad que experimentan los propietarios y ocupantes de los edificios; y el desempe\u00f1o energ\u00e9tico y ambiental del parque de edificios existente a escala urbana y nacional.\r\n\t\t\t\t            <\/div>\r\n\t\t\t\t        <\/div>\r\n\r\n\t\t\t\t        <div class=\"basic-info-container col-md-2 p-0\">\r\n\t\t\t\t            <div class=\"card card-body p-0 border-0 rounded-0 bottom-strip\">\r\n\t\t\t\t                <a href=\"#mart\u00edn\" data-toggle=\"collapse\" aria-expanded=\"true\">\r\n\t\t\t\t                \t<div class=\"hover-overlay\"><\/div>\r\n\t\t\t\t                    <img src=\"https:\/\/gemdev.net\/wp-content\/uploads\/2022\/02\/team_martin.jpg\" alt=\"\" class=\"member-photo img-fluid rounded-lg shadow-sm rounded-0\"\/>\r\n\t\t\t\t                    <div class=\"member-basic-info\">\r\n\t\t\t\t                    \t<div class=\"team_member_name\">Mart\u00edn Wieser<\/div>\r\n\t\t\t\t                    \t<div class=\"team_member_role\">(Co-lead), PUCP<\/div>\r\n\t\t\t\t                    <\/div>\r\n\t\t\t\t                <\/a>\r\n\t\t\t\t            <\/div>\r\n\t\t\t\t        <\/div>\r\n\t\t\t\t        <div class=\"col-12 px-0 pt-0 pb-2 order-md-last border-blue-top-01 collapse fade\" id=\"mart\u00edn\">\r\n\t\t\t\t            <div class=\"card card-body shadow\">\r\n\t\t\t\t            \tMart\u00edn Wieser es arquitecto, con maestr\u00eda en \u201cDesarrollo Internacional\u201d por la Fundaci\u00f3n Polit\u00e9cnica de Catalu\u00f1a y Doctor en \u201cEnerg\u00edas y Medio Ambiente en Arquitectura\u201d por la Universidad Polit\u00e9cnica de Catalu\u00f1a. Profesor principal en la Facultad de Arquitectura y Urbanismo de la Pontificia Universidad Cat\u00f3lica del Per\u00fa (PUCP) en el \u00e1rea de Tecnolog\u00eda. Actualmente forma parte del consejo directivo del Centro de Investigaci\u00f3n de la Arquitectura y la Ciudad (CIAC-PUCP). Investigador y consultor en temas de iluminaci\u00f3n y climatizaci\u00f3n natural.\r\n\t\t\t\t            <\/div>\r\n\t\t\t\t        <\/div>\r\n\t\t\t\t    <\/div>\r\n\t\t\t\t<\/div>\r\n\t\t\t<\/div>\r\n\t\t<\/div>\r\n\t<\/div>\r\n<\/section>","protected":false},"excerpt":{"rendered":"| WP4: Futuros Posibles | Resumen El WP4 comienza con los modelos de asentamientos existentes desarrollados en WP3 y las historias orales de los procesos de mejora y adaptaci\u00f3n recopiladas en WP1 y explora c\u00f3mo este nuevo conocimiento puede contribuir con estrategias viables para la futura reurbanizaci\u00f3n garantizando una vivienda y un h\u00e1bitat dignos para [&hellip;]","protected":false},"author":1,"featured_media":0,"parent":0,"menu_order":0,"comment_status":"closed","ping_status":"closed","template":"","meta":{"inline_featured_image":false},"_links":{"self":[{"href":"https:\/\/gemdev.net\/es_ES\/wp-json\/wp\/v2\/pages\/127"}],"collection":[{"href":"https:\/\/gemdev.net\/es_ES\/wp-json\/wp\/v2\/pages"}],"about":[{"href":"https:\/\/gemdev.net\/es_ES\/wp-json\/wp\/v2\/types\/page"}],"author":[{"embeddable":true,"href":"https:\/\/gemdev.net\/es_ES\/wp-json\/wp\/v2\/users\/1"}],"replies":[{"embeddable":true,"href":"https:\/\/gemdev.net\/es_ES\/wp-json\/wp\/v2\/comments?post=127"}],"version-history":[{"count":4,"href":"https:\/\/gemdev.net\/es_ES\/wp-json\/wp\/v2\/pages\/127\/revisions"}],"predecessor-version":[{"id":491,"href":"https:\/\/gemdev.net\/es_ES\/wp-json\/wp\/v2\/pages\/127\/revisions\/491"}],"wp:attachment":[{"href":"https:\/\/gemdev.net\/es_ES\/wp-json\/wp\/v2\/media?parent=127"}],"curies":[{"name":"wp","href":"https:\/\/api.w.org\/{rel}","templated":true}]}}