{"id":129,"date":"2022-02-17T18:35:58","date_gmt":"2022-02-17T18:35:58","guid":{"rendered":"https:\/\/gemdev.net\/?page_id=129"},"modified":"2023-12-27T04:00:33","modified_gmt":"2023-12-27T04:00:33","slug":"ahmedabad","status":"publish","type":"page","link":"https:\/\/gemdev.net\/es_ES\/ahmedabad\/","title":{"rendered":"Ahmedabad"},"content":{"rendered":"<section class=\"bg-blue-04\" style=\"background: url([insert_rootpath]assets\/images\/ahmedabad_city_page_bg_v01.jpg) 50% 0\/cover no-repeat fixed;\" data-type=\"background\" data-speed=\"5\">\r\n\t<div class=\"container-fluid\">\r\n\t    <div class=\"row py-5 fullscreen border-yellow-bottom-01\">\r\n\t    \t<div class=\"overlay_color_blue_01\"><\/div>\r\n\t        <div class=\"col-12 py-3 text-center align-middle\">\r\n\t            <div class=\"title font-2em\" data-aos=\"fade-up\" data-aos-delay=\"100\" data-aos-duration=\"500\"><span class=\"bar-white\">|<\/span><span class=\"color-yellow-02\"> Ahmedabad <\/span><span class=\"bar-white\">|<\/span><\/div>\r\n\t        <\/div>\r\n\t    <\/div>\r\n\r\n\t    <div class=\"row bg-light pb-5\">\r\n\t        <div class=\"col-md-8 mx-auto\">\r\n\t        \t<div class=\"row mt-n3\">\r\n\t\t            <div class=\"row text-center mt-n5\">\r\n\t\t                <div class=\"col-sm pb-2\">\r\n\t\t                    <div class=\"card h-100 shadow\">\r\n\t\t                        <div class=\"card-body d-flex flex-column align-items-center p-0\">\r\n\t\t                            <div class=\"w-100 bg-yellow-01 p-3\"><h5 class=\"card-title\">Informaci\u00f3n de la ciudad<\/h5><\/div>\r\n\t\t                            <div class=\"card-text text-justify p-3\">\r\n\t\t                            \tAhmedabad es la s\u00e9ptima ciudad m\u00e1s grande de la India y tiene una poblaci\u00f3n de 5,6 millones. Los d\u00edas de verano son muy calurosos con una temperatura m\u00e1xima media de 41,3 \u00b0C, lo que genera graves problemas de salud para quienes viven en alojamientos de mala calidad y poneal confort t\u00e9rmico como una prioridad clave para los residentes. El censo de 2011 indic\u00f3 que el 14% de la poblaci\u00f3n de Ahmedabad eran habitantes de barrios marginales, definidos como personas que viven en la ocupaci\u00f3n ilegal de \u00e1reas marginales de la ciudad. Sin embargo, esta cifra excluye a otro 22% de la poblaci\u00f3n de la ciudad, que vive en \u2018chawls\u2019, un alojamiento para personas de bajos ingresos construido originalmente para los trabajadores de molinos. El cierre de las f\u00e1bricas textiles en la d\u00e9cada de 1990 provoc\u00f3 la degradaci\u00f3n de este tipo de alojamiento. Antes de 2010, el enfoque de alivio de la pobreza se enfocaba en la provisi\u00f3n de alojamiento construido especialmente en ubicaciones alternativas, a menudo distantes del sitio del barrio pobre en cuesti\u00f3n. Junto con un sistema de loter\u00eda para la asignaci\u00f3n de alojamientos, este enfoque tuvo consecuencias no deseadas importantes para quienes fueron reubicados lejos de sus comunidades establecidas y fuentes de sustento. Como resultado, muchos optaron por regresar a las \u00e1reas de las que hab\u00edan sido reubicados. <br \/><br \/>\r\n\r\n\t\t                            \tEn 2010, con la promulgaci\u00f3n del Reglamento para la rehabilitaci\u00f3n y reurbanizaci\u00f3n de los barrios marginales, el enfoque ha variado hacia la mejora in situ. La implementaci\u00f3n de estas regulaciones ha sido problem\u00e1tica por varias razones, incluida la desconfianza hacia los desarrolladores privados y el desaf\u00edo que enfrentan los habitantes de los barrios marginales al proporcionar evidencia documentada de su elegibilidad para un nuevo alojamiento. El cambio en la morfolog\u00eda de los barrios de baja altura en expansi\u00f3n hacia bloques de apartamentos construidos para ese prop\u00f3sito ha requerido cambios en el uso del espacio y la energ\u00eda que merecen mayor investigaci\u00f3n.\r\n\t\t                            <\/div>\r\n\t\t                        <\/div>\r\n\t\t                    <\/div>\r\n\t\t                <\/div>\r\n\t\t            <\/div>\r\n\t\t            <div><h3 class=\"font-weight-bold mt-4 mb-n3 color-blue-02 border-yellow-left-01 pl-2\">Instituciones asociados de la ciudad<\/h3><\/div>\r\n\t\t            <div class=\"card-deck\">\r\n\t\t\t\t\t  \t<div class=\"card partner-container my-4 shadow bg-white border-yellow-left-01\">\r\n\t\t\t\t\t    \t<div class=\"card-body row\">\r\n\t\t\t\t\t\t\t\t<div class=\"col-md-12\">\r\n\t\t\t\t\t\t\t\t\t<img class=\"partner-logo\" src=\"https:\/\/gemdev.net\/wp-content\/uploads\/2022\/02\/logo_crdf_cept_v02.jpg\"\/>\r\n\t\t\t\t\t\t\t\t<\/div>\r\n\t\t\t\t\t\t\t\t<div class=\"col-md-12\">\r\n\t\t\t\t\t\t\t\t\t<h6>CEPT Research and Development Foundation (CRDF-CEPT)<\/h6>\r\n\t\t\t\t\t\t\t\t<\/div>\r\n\t\t\t\t\t\t\t\t\r\n\t\t\t\t\t\t\t<\/div>\r\n\t\t\t\t\t\t\t<div class=\"card-footer bg-transparent text-right\">\r\n\t\t\t\t\t\t\t\t<a class=\"btn btn-outline-secondary\" target=\"_blank\" href=\"https:\/\/crdf.org.in\/\" role=\"button\" rel=\"noopener\">VISITAR SITIO<\/a>\r\n\t\t\t\t\t\t\t<\/div>\r\n\t\t\t\t\t  \t<\/div>\r\n\t\t\t\t\t  \t<div class=\"card partner-container my-4 shadow bg-white border-yellow-left-01\">\r\n\t\t\t\t\t    \t<div class=\"card-body row\">\r\n\t\t\t\t\t\t\t\t<div class=\"col-md-12\">\r\n\t\t\t\t\t\t\t\t\t<img class=\"partner-logo\" src=\"https:\/\/gemdev.net\/wp-content\/uploads\/2022\/02\/logo_mht_dignified_home_v01.jpg\"\/>\r\n\t\t\t\t\t\t\t\t<\/div>\r\n\t\t\t\t\t\t\t\t<div class=\"col-md-12\">\r\n\t\t\t\t\t\t\t\t\t<h6>Mahila Housing Sewa Trust (MHT)<\/h6>\r\n\t\t\t\t\t\t\t\t<\/div>\r\n\t\t\t\t\t\t\t\t\r\n\t\t\t\t\t\t\t<\/div>\r\n\t\t\t\t\t\t\t<div class=\"card-footer bg-transparent text-right\">\r\n\t\t\t\t\t\t\t\t<a class=\"btn btn-outline-secondary\" target=\"_blank\" href=\"https:\/\/www.mahilahousingtrust.org\/\" role=\"button\" rel=\"noopener\">VISITAR SITIO<\/a>\r\n\t\t\t\t\t\t\t<\/div>\r\n\t\t\t\t\t  \t<\/div>\r\n\t\t\t\t\t<\/div>\r\n\t            <\/div>\r\n\t        <\/div>\r\n\t    <\/div>\r\n\t<\/div>\r\n<\/section>","protected":false},"excerpt":{"rendered":"| Ahmedabad | Informaci\u00f3n de la ciudad Ahmedabad es la s\u00e9ptima ciudad m\u00e1s grande de la India y tiene una poblaci\u00f3n de 5,6 millones. Los d\u00edas de verano son muy calurosos con una temperatura m\u00e1xima media de 41,3 \u00b0C, lo que genera graves problemas de salud para quienes viven en alojamientos de mala calidad y [&hellip;]","protected":false},"author":1,"featured_media":0,"parent":0,"menu_order":0,"comment_status":"closed","ping_status":"closed","template":"","meta":{"inline_featured_image":false},"_links":{"self":[{"href":"https:\/\/gemdev.net\/es_ES\/wp-json\/wp\/v2\/pages\/129"}],"collection":[{"href":"https:\/\/gemdev.net\/es_ES\/wp-json\/wp\/v2\/pages"}],"about":[{"href":"https:\/\/gemdev.net\/es_ES\/wp-json\/wp\/v2\/types\/page"}],"author":[{"embeddable":true,"href":"https:\/\/gemdev.net\/es_ES\/wp-json\/wp\/v2\/users\/1"}],"replies":[{"embeddable":true,"href":"https:\/\/gemdev.net\/es_ES\/wp-json\/wp\/v2\/comments?post=129"}],"version-history":[{"count":7,"href":"https:\/\/gemdev.net\/es_ES\/wp-json\/wp\/v2\/pages\/129\/revisions"}],"predecessor-version":[{"id":497,"href":"https:\/\/gemdev.net\/es_ES\/wp-json\/wp\/v2\/pages\/129\/revisions\/497"}],"wp:attachment":[{"href":"https:\/\/gemdev.net\/es_ES\/wp-json\/wp\/v2\/media?parent=129"}],"curies":[{"name":"wp","href":"https:\/\/api.w.org\/{rel}","templated":true}]}}