{"id":131,"date":"2022-02-17T18:36:15","date_gmt":"2022-02-17T18:36:15","guid":{"rendered":"https:\/\/gemdev.net\/?page_id=131"},"modified":"2023-12-27T04:00:34","modified_gmt":"2023-12-27T04:00:34","slug":"lima","status":"publish","type":"page","link":"https:\/\/gemdev.net\/es_ES\/lima\/","title":{"rendered":"Lima"},"content":{"rendered":"<section class=\"about-gemdev-intro bg-blue-04\">\r\n\t<div class=\"container-fluid\">\r\n\t    <div class=\"row py-5 fullscreen border-yellow-bottom-01\" style=\"background: url([insert_rootpath]assets\/images\/lima_city_page_bg_v01.jpg) 50% 0\/cover no-repeat fixed;\" data-type=\"background\" data-speed=\"5\">\r\n\t    \t<div class=\"overlay_color_blue_01\"><\/div>\r\n\t        <div class=\"col-12 py-3 text-center align-middle\">\r\n\t            <div class=\"title font-2em\" data-aos=\"fade-up\" data-aos-delay=\"100\" data-aos-duration=\"500\"><span class=\"bar-white\">|<\/span><span class=\"color-yellow-02\"> Lima <\/span><span class=\"bar-white\">|<\/span><\/div>\r\n\t        <\/div>\r\n\t    <\/div>\r\n\r\n\t    <div class=\"row bg-light pb-5\">\r\n\t        <div class=\"col-md-8 mx-auto\">\r\n\t        \t<div class=\"row mt-n3\">\r\n\t\t            <div class=\"row text-center mt-n5\">\r\n\t\t                <div class=\"col-sm pb-2\">\r\n\t\t                    <div class=\"card h-100 shadow\">\r\n\t\t                        <div class=\"card-body d-flex flex-column align-items-center p-0\">\r\n\t\t                            <div class=\"w-100 bg-yellow-01 p-3\"><h5 class=\"card-title\">Informaci\u00f3n de la ciudad<\/h5><\/div>\r\n\t\t                            <div class=\"card-text text-justify p-3\">\r\n\t\t                            \tLima es la capital de Per\u00fa y la segunda ciudadm\u00e1s poblada sobre un desierto, con un ins\u00f3lito clima desertico-h\u00famedo. Desde 1980, la poblaci\u00f3n de Lima metropolitana se ha duplicado, de 4.8 a m\u00e1s de 9 millonesen 2017. En ausencia de pol\u00edticas de vivienda para los pobres de las zonas urbanas, la ciudad sigue creciendo principalmente de dos formas. Primero, se expande m\u00e1s all\u00e1 de sus l\u00edmites metropolitanos a trav\u00e9s de la autoconstrucci\u00f3n, una forma de urbanismo inverso donde la gente ocupa terrenos y construye barrios en las pendientes perif\u00e9ricas empinadas y luego adquiere servicios b\u00e1sicos como agua y electricidad. Se estima que el 30% de la poblaci\u00f3n, es decir 2,8 millones de personas, vive en pendientes consideradas zonas de alto riesgo. En segundo lugar, la ciudad crece mediante la densificaci\u00f3n de las periferias hacia el centro. Es decir, \u00e1reas dentro del centro de la ciudad se vuelven superpobladas y presentan condiciones de vida precarias.\r\n\t\t                            \t<br \/><br \/>\r\n\t\t                            \tEstos concentran infraestructura disfuncional, edificios en deterioro e inquilinos vulnerables. En este contexto, los habitantes est\u00e1n expuestos a riesgos cotidianos que incluyen incendios por conexiones el\u00e9ctricas inseguras y la proximidad a grandes almacenes construidos ilegalmente que almacenan materiales inflamables. La renovaci\u00f3n urbana sigue siendo un esfuerzo de arriba hacia abajo que busca el desplazamiento de los habitantes, quienes a su vez se instalan en \u00e1reas en la periferia de la ciudad, afectando as\u00ed sus redes sociales y resultando en una carga econ\u00f3mica adicional debido a la lejan\u00eda con las oportunidades de trabajo y acceso a los servicios. El vac\u00edo en la gesti\u00f3n efectiva, la falta de un diagn\u00f3stico s\u00f3lido de la realidad vivida en estas zonas y la exclusi\u00f3n de los habitantes de participar en los procesos de toma de decisiones para la reurbanizaci\u00f3n limitan el alcance de los proyectos y programas de rehabilitaci\u00f3n urbana. En las zonas perif\u00e9ricas, en cambio, aunque muchos de los asentamientos son reconocidos por los municipios distritales y tienen derecho a servicios, a menudo tienen que vivir sin agua y electricidad durante muchos a\u00f1os o adoptar mecanismos alternativos para sobrellevar la situaci\u00f3n mientras esperan ser conectados a los sistemas de servicios b\u00e1sicos.\r\n\t\t                            <\/div>\r\n\t\t                        <\/div>\r\n\t\t                    <\/div>\r\n\t\t                <\/div>\r\n\t\t            <\/div>\r\n\t\t            <div><h3 class=\"font-weight-bold mt-4 mb-n3 color-blue-02 border-yellow-left-01 pl-2\">Instituciones asociadasde la ciudad<\/h3><\/div>\r\n\t\t            <div class=\"card-deck\">\r\n\t\t\t\t\t  \t<div class=\"card partner-container my-4 shadow bg-white border-yellow-left-01\">\r\n\t\t\t\t\t    \t<div class=\"card-body row\">\r\n\t\t\t\t\t\t\t\t<div class=\"col-md-12\">\r\n\t\t\t\t\t\t\t\t\t<img class=\"partner-logo\" src=\"https:\/\/gemdev.net\/wp-content\/uploads\/2022\/02\/logo_pucp_v01.jpg\"\/>\r\n\t\t\t\t\t\t\t\t<\/div>\r\n\t\t\t\t\t\t\t\t<div class=\"col-md-12\">\r\n\t\t\t\t\t\t\t\t\t<h6>Pontificia Universidad Cat\u00f3lica del Per\u00fa (PUCP)<\/h6>\r\n\t\t\t\t\t\t\t\t<\/div>\r\n\t\t\t\t\t\t\t\t\r\n\t\t\t\t\t\t\t<\/div>\r\n\t\t\t\t\t\t\t<div class=\"card-footer bg-transparent text-right\">\r\n\t\t\t\t\t\t\t\t<a class=\"btn btn-outline-secondary\" target=\"_blank\" href=\"https:\/\/www.pucp.edu.pe\/\" role=\"button\" rel=\"noopener\">VISITAR SITIO<\/a>\r\n\t\t\t\t\t\t\t<\/div>\r\n\t\t\t\t\t  \t<\/div>\r\n\t\t\t\t\t  \t<div class=\"card partner-container my-4 shadow bg-white border-yellow-left-01\">\r\n\t\t\t\t\t    \t<div class=\"card-body row\">\r\n\t\t\t\t\t\t\t\t<div class=\"col-md-12\">\r\n\t\t\t\t\t\t\t\t\t<img class=\"partner-logo\" src=\"https:\/\/gemdev.net\/wp-content\/uploads\/2022\/02\/logo_foro_v01.jpg\"\/>\r\n\t\t\t\t\t\t\t\t<\/div>\r\n\t\t\t\t\t\t\t\t<div class=\"col-md-12\">\r\n\t\t\t\t\t\t\t\t\t<h6>Foro Ciudades para la Vida<\/h6>\r\n\t\t\t\t\t\t\t\t<\/div>\r\n\t\t\t\t\t\t\t\t\r\n\t\t\t\t\t\t\t<\/div>\r\n\t\t\t\t\t\t\t<div class=\"card-footer bg-transparent text-right\">\r\n\t\t\t\t\t\t\t\t<a class=\"btn btn-outline-secondary\" target=\"_blank\" href=\"https:\/\/www.ciudad.org.pe\/\" role=\"button\" rel=\"noopener\">VISITAR SITIO<\/a>\r\n\t\t\t\t\t\t\t<\/div>\r\n\t\t\t\t\t  \t<\/div>\r\n\t\t\t\t\t<\/div>\r\n\t\t\t\t\t<div class=\"card-deck\">\r\n\t\t\t\t\t  \t<div class=\"card partner-container my-4 shadow bg-white border-yellow-left-01\">\r\n\t\t\t\t\t    \t<div class=\"card-body row\">\r\n\t\t\t\t\t\t\t\t<div class=\"col-md-12\">\r\n\t\t\t\t\t\t\t\t\t<img class=\"partner-logo\" src=\"https:\/\/gemdev.net\/wp-content\/uploads\/2022\/02\/logo_cidap_v01.jpg\"\/>\r\n\t\t\t\t\t\t\t\t<\/div>\r\n\t\t\t\t\t\t\t\t<div class=\"col-md-12\">\r\n\t\t\t\t\t\t\t\t\t<h6>Centro de Investigaci\u00f3n, Documentaci\u00f3n y Asesor\u00eda Poblacional (CIDAP)<\/h6>\r\n\t\t\t\t\t\t\t\t<\/div>\r\n\t\t\t\t\t\t\t\t\r\n\t\t\t\t\t\t\t<\/div>\r\n\t\t\t\t\t\t\t<div class=\"card-footer bg-transparent text-right\">\r\n\t\t\t\t\t\t\t\t<a class=\"btn btn-outline-secondary\" target=\"_blank\" href=\"https:\/\/cidap.org.pe\/\" role=\"button\" rel=\"noopener\">VISITAR SITIO<\/a>\r\n\t\t\t\t\t\t\t<\/div>\r\n\t\t\t\t\t  \t<\/div>\r\n\t\t\t\t\t  \t<div class=\"card partner-container my-4 shadow bg-white border-yellow-left-01\">\r\n\t\t\t\t\t    \t<div class=\"card-body row\">\r\n\t\t\t\t\t\t\t\t<div class=\"col-md-12\">\r\n\t\t\t\t\t\t\t\t\t<img class=\"partner-logo\" src=\"https:\/\/gemdev.net\/wp-content\/uploads\/2022\/02\/logo_cenca_03_v01.jpg\"\/>\r\n\t\t\t\t\t\t\t\t<\/div>\r\n\t\t\t\t\t\t\t\t<div class=\"col-md-12\">\r\n\t\t\t\t\t\t\t\t\t<h6>Urban Development Institute, CENCA<\/h6>\r\n\t\t\t\t\t\t\t\t<\/div>\r\n\t\t\t\t\t\t\t\t\r\n\t\t\t\t\t\t\t<\/div>\r\n\t\t\t\t\t\t\t<div class=\"card-footer bg-transparent text-right\">\r\n\t\t\t\t\t\t\t\t<a class=\"btn btn-outline-secondary\" target=\"_blank\" href=\"https:\/\/www.cenca.org.pe\/\" role=\"button\" rel=\"noopener\">VISITAR SITIO<\/a>\r\n\t\t\t\t\t\t\t<\/div>\r\n\t\t\t\t\t  \t<\/div>\r\n\t\t\t\t\t<\/div>\r\n\t\t\t\t\t<div class=\"card-deck col-md-12 ml-md-n4\">\r\n\t\t\t\t\t  \t<div class=\"card col-md-6 partner-container my-4 shadow bg-white border-yellow-left-01\">\r\n\t\t\t\t\t    \t<div class=\"card-body row\">\r\n\t\t\t\t\t\t\t\t<div class=\"col-md-12\">\r\n\t\t\t\t\t\t\t\t\t<img class=\"partner-logo\" src=\"https:\/\/gemdev.net\/wp-content\/uploads\/2022\/02\/logo_sea_v01.jpg\"\/>\r\n\t\t\t\t\t\t\t\t<\/div>\r\n\t\t\t\t\t\t\t\t<div class=\"col-md-12\">\r\n\t\t\t\t\t\t\t\t\t<h6>Servicios Educativos El Agustino (SEA)<\/h6>\r\n\t\t\t\t\t\t\t\t<\/div>\r\n\t\t\t\t\t\t\t<\/div>\r\n\t\t\t\t\t\t\t<div class=\"card-footer bg-transparent text-right\">\r\n\t\t\t\t\t\t\t\t<a class=\"btn btn-outline-secondary\" target=\"_blank\" href=\"https:\/\/www.seaperu.pe\/\" role=\"button\" rel=\"noopener\">VISITAR SITIO<\/a>\r\n\t\t\t\t\t\t\t<\/div>\r\n\t\t\t\t\t  \t<\/div>\r\n\t\t\t\t\t<\/div>\r\n\t            <\/div>\r\n\t        <\/div>\r\n\t    <\/div>\r\n\t<\/div>\r\n<\/section>","protected":false},"excerpt":{"rendered":"| Lima | Informaci\u00f3n de la ciudad Lima es la capital de Per\u00fa y la segunda ciudadm\u00e1s poblada sobre un desierto, con un ins\u00f3lito clima desertico-h\u00famedo. Desde 1980, la poblaci\u00f3n de Lima metropolitana se ha duplicado, de 4.8 a m\u00e1s de 9 millonesen 2017. En ausencia de pol\u00edticas de vivienda para los pobres de las [&hellip;]","protected":false},"author":1,"featured_media":0,"parent":0,"menu_order":0,"comment_status":"closed","ping_status":"closed","template":"","meta":{"inline_featured_image":false},"_links":{"self":[{"href":"https:\/\/gemdev.net\/es_ES\/wp-json\/wp\/v2\/pages\/131"}],"collection":[{"href":"https:\/\/gemdev.net\/es_ES\/wp-json\/wp\/v2\/pages"}],"about":[{"href":"https:\/\/gemdev.net\/es_ES\/wp-json\/wp\/v2\/types\/page"}],"author":[{"embeddable":true,"href":"https:\/\/gemdev.net\/es_ES\/wp-json\/wp\/v2\/users\/1"}],"replies":[{"embeddable":true,"href":"https:\/\/gemdev.net\/es_ES\/wp-json\/wp\/v2\/comments?post=131"}],"version-history":[{"count":4,"href":"https:\/\/gemdev.net\/es_ES\/wp-json\/wp\/v2\/pages\/131\/revisions"}],"predecessor-version":[{"id":500,"href":"https:\/\/gemdev.net\/es_ES\/wp-json\/wp\/v2\/pages\/131\/revisions\/500"}],"wp:attachment":[{"href":"https:\/\/gemdev.net\/es_ES\/wp-json\/wp\/v2\/media?parent=131"}],"curies":[{"name":"wp","href":"https:\/\/api.w.org\/{rel}","templated":true}]}}